{"id":255,"date":"2019-01-01T09:26:40","date_gmt":"2019-01-01T09:26:40","guid":{"rendered":"http:\/\/klbtheme.com\/qualis\/?page_id=255"},"modified":"2020-07-28T15:36:01","modified_gmt":"2020-07-28T13:36:01","slug":"about-us","status":"publish","type":"page","link":"https:\/\/vivaizanzi.it\/eng\/about-us\/","title":{"rendered":"About Us"},"content":{"rendered":"<div class=\"container\"><div class=\"vc_row wpb_row vc_row-fluid\"><div class=\"wpb_column vc_column_container vc_col-sm-12\"><div class=\"vc_column-inner\"><div class=\"wpb_wrapper\"><div class=\"wpb_revslider_element wpb_content_element\">\n\t\t\t<!-- START about us REVOLUTION SLIDER 6.3.5 --><p class=\"rs-p-wp-fix\"><\/p>\n\t\t\t<rs-module-wrap id=\"rev_slider_14_1_wrapper\" data-source=\"gallery\" style=\"background:transparent;padding:0;margin:0px auto;margin-top:0;margin-bottom:0;\">\n\t\t\t\t<rs-module id=\"rev_slider_14_1\" style=\"\" data-version=\"6.3.5\">\n\t\t\t\t\t<rs-slides>\n\t\t\t\t\t\t<rs-slide data-key=\"rs-52\" data-title=\"Slide\" data-thumb=\"\/\/vivaizanzi.it\/wp-content\/uploads\/2020\/07\/zanzi-frame-1-100x50.jpg\" data-anim=\"ei:d;eo:d;s:600;r:0;t:fade;sl:d;\">\n\t\t\t\t\t\t\t<img loading=\"lazy\" decoding=\"async\" src=\"\/\/vivaizanzi.it\/wp-content\/plugins\/revslider\/public\/assets\/assets\/dummy.png\" title=\"zanzi frame 1\" width=\"1920\" height=\"1080\" data-lazyload=\"\/\/vivaizanzi.it\/wp-content\/uploads\/2020\/07\/zanzi-frame-1.jpg\" data-parallax=\"off\" class=\"rev-slidebg\" data-no-retina>\n<!--\n\t\t\t\t\t\t\t--><rs-group\n\t\t\t\t\t\t\t\tid=\"slider-14-slide-52-layer-3\" \n\t\t\t\t\t\t\t\tdata-type=\"group\"\n\t\t\t\t\t\t\t\tdata-xy=\"x:c;y:c;\"\n\t\t\t\t\t\t\t\tdata-text=\"l:22;a:inherit;\"\n\t\t\t\t\t\t\t\tdata-dim=\"w:299px;h:76px;\"\n\t\t\t\t\t\t\t\tdata-frame_1=\"sR:10;\"\n\t\t\t\t\t\t\t\tdata-frame_999=\"o:0;st:w;sR:8690;sA:9000;\"\n\t\t\t\t\t\t\t\tstyle=\"z-index:5;\"\n\t\t\t\t\t\t\t><!--\n\t\t\t\t\t\t\t\t--><rs-layer\n\t\t\t\t\t\t\t\t\tid=\"slider-14-slide-52-layer-1\" \n\t\t\t\t\t\t\t\t\tdata-type=\"text\"\n\t\t\t\t\t\t\t\t\tdata-color=\"#ffffff\"\n\t\t\t\t\t\t\t\t\tdata-rsp_ch=\"on\"\n\t\t\t\t\t\t\t\t\tdata-xy=\"x:c;xo:2px;y:b;yo:8px;\"\n\t\t\t\t\t\t\t\t\tdata-text=\"s:60;l:70;a:inherit;\"\n\t\t\t\t\t\t\t\t\tdata-frame_999=\"o:0;st:w;sR:8690;\"\n\t\t\t\t\t\t\t\t\tstyle=\"z-index:6;font-family:Oswald;\"\n\t\t\t\t\t\t\t\t>ABOUT US \n\t\t\t\t\t\t\t\t<\/rs-layer><!--\n\t\t\t\t\t\t\t--><\/rs-group><!--\n-->\t\t\t\t\t\t<\/rs-slide>\n\t\t\t\t\t\t<rs-slide data-key=\"rs-53\" data-title=\"Slide\" data-thumb=\"\/\/vivaizanzi.it\/wp-content\/uploads\/2020\/07\/zanzi-frame-2-100x50.jpg\" data-anim=\"ei:d;eo:d;s:600;r:0;t:fade;sl:d;\">\n\t\t\t\t\t\t\t<img loading=\"lazy\" decoding=\"async\" src=\"\/\/vivaizanzi.it\/wp-content\/plugins\/revslider\/public\/assets\/assets\/dummy.png\" title=\"zanzi frame 2\" width=\"1920\" height=\"1080\" data-lazyload=\"\/\/vivaizanzi.it\/wp-content\/uploads\/2020\/07\/zanzi-frame-2.jpg\" data-parallax=\"off\" class=\"rev-slidebg\" data-no-retina>\n<!--\n\t\t\t\t\t\t\t--><rs-group\n\t\t\t\t\t\t\t\tid=\"slider-14-slide-53-layer-3\" \n\t\t\t\t\t\t\t\tdata-type=\"group\"\n\t\t\t\t\t\t\t\tdata-xy=\"x:c;y:c;\"\n\t\t\t\t\t\t\t\tdata-text=\"l:22;a:inherit;\"\n\t\t\t\t\t\t\t\tdata-dim=\"w:299px;h:76px;\"\n\t\t\t\t\t\t\t\tdata-frame_1=\"sR:10;\"\n\t\t\t\t\t\t\t\tdata-frame_999=\"o:0;st:w;sR:8690;sA:9000;\"\n\t\t\t\t\t\t\t\tstyle=\"z-index:5;\"\n\t\t\t\t\t\t\t><!--\n\t\t\t\t\t\t\t\t--><rs-layer\n\t\t\t\t\t\t\t\t\tid=\"slider-14-slide-53-layer-1\" \n\t\t\t\t\t\t\t\t\tdata-type=\"text\"\n\t\t\t\t\t\t\t\t\tdata-color=\"#ffffff\"\n\t\t\t\t\t\t\t\t\tdata-rsp_ch=\"on\"\n\t\t\t\t\t\t\t\t\tdata-xy=\"x:c;xo:2px;y:c;\"\n\t\t\t\t\t\t\t\t\tdata-text=\"s:60;l:70;a:inherit;\"\n\t\t\t\t\t\t\t\t\tdata-frame_999=\"o:0;st:w;sR:8690;\"\n\t\t\t\t\t\t\t\t\tstyle=\"z-index:6;font-family:Oswald;\"\n\t\t\t\t\t\t\t\t>ABOUT US \n\t\t\t\t\t\t\t\t<\/rs-layer><!--\n\t\t\t\t\t\t\t--><\/rs-group><!--\n-->\t\t\t\t\t\t<\/rs-slide>\n\t\t\t\t\t\t<rs-slide data-key=\"rs-54\" data-title=\"Slide\" data-thumb=\"\/\/vivaizanzi.it\/wp-content\/uploads\/2020\/07\/zanzi-frame-3-100x50.jpg\" data-anim=\"ei:d;eo:d;s:600;r:0;t:fade;sl:d;\">\n\t\t\t\t\t\t\t<img loading=\"lazy\" decoding=\"async\" src=\"\/\/vivaizanzi.it\/wp-content\/plugins\/revslider\/public\/assets\/assets\/dummy.png\" title=\"zanzi frame 3\" width=\"1920\" height=\"1080\" data-lazyload=\"\/\/vivaizanzi.it\/wp-content\/uploads\/2020\/07\/zanzi-frame-3.jpg\" data-parallax=\"off\" class=\"rev-slidebg\" data-no-retina>\n<!--\n\t\t\t\t\t\t\t--><rs-group\n\t\t\t\t\t\t\t\tid=\"slider-14-slide-54-layer-3\" \n\t\t\t\t\t\t\t\tdata-type=\"group\"\n\t\t\t\t\t\t\t\tdata-xy=\"x:c;y:c;\"\n\t\t\t\t\t\t\t\tdata-text=\"l:22;a:inherit;\"\n\t\t\t\t\t\t\t\tdata-dim=\"w:299px;h:76px;\"\n\t\t\t\t\t\t\t\tdata-frame_1=\"sR:10;\"\n\t\t\t\t\t\t\t\tdata-frame_999=\"o:0;st:w;sR:8690;sA:9000;\"\n\t\t\t\t\t\t\t\tstyle=\"z-index:5;\"\n\t\t\t\t\t\t\t><!--\n\t\t\t\t\t\t\t\t--><rs-layer\n\t\t\t\t\t\t\t\t\tid=\"slider-14-slide-54-layer-1\" \n\t\t\t\t\t\t\t\t\tdata-type=\"text\"\n\t\t\t\t\t\t\t\t\tdata-color=\"#ffffff\"\n\t\t\t\t\t\t\t\t\tdata-rsp_ch=\"on\"\n\t\t\t\t\t\t\t\t\tdata-xy=\"x:c;xo:2px;y:b;yo:8px;\"\n\t\t\t\t\t\t\t\t\tdata-text=\"s:60;l:70;a:inherit;\"\n\t\t\t\t\t\t\t\t\tdata-frame_999=\"o:0;st:w;sR:8690;\"\n\t\t\t\t\t\t\t\t\tstyle=\"z-index:6;font-family:Oswald;\"\n\t\t\t\t\t\t\t\t>ABOUT US \n\t\t\t\t\t\t\t\t<\/rs-layer><!--\n\t\t\t\t\t\t\t--><\/rs-group><!--\n-->\t\t\t\t\t\t<\/rs-slide>\n\t\t\t\t\t\t<rs-slide data-key=\"rs-55\" data-title=\"Slide\" data-thumb=\"\/\/vivaizanzi.it\/wp-content\/uploads\/2020\/07\/zanzi-frame-4-100x50.jpg\" data-anim=\"ei:d;eo:d;s:600;r:0;t:fade;sl:d;\">\n\t\t\t\t\t\t\t<img loading=\"lazy\" decoding=\"async\" src=\"\/\/vivaizanzi.it\/wp-content\/plugins\/revslider\/public\/assets\/assets\/dummy.png\" title=\"zanzi frame 4\" width=\"1920\" height=\"1080\" data-lazyload=\"\/\/vivaizanzi.it\/wp-content\/uploads\/2020\/07\/zanzi-frame-4.jpg\" data-parallax=\"off\" class=\"rev-slidebg\" data-no-retina>\n<!--\n\t\t\t\t\t\t\t--><rs-group\n\t\t\t\t\t\t\t\tid=\"slider-14-slide-55-layer-3\" \n\t\t\t\t\t\t\t\tdata-type=\"group\"\n\t\t\t\t\t\t\t\tdata-xy=\"x:c;y:c;\"\n\t\t\t\t\t\t\t\tdata-text=\"l:22;a:inherit;\"\n\t\t\t\t\t\t\t\tdata-dim=\"w:299px;h:76px;\"\n\t\t\t\t\t\t\t\tdata-frame_1=\"sR:10;\"\n\t\t\t\t\t\t\t\tdata-frame_999=\"o:0;st:w;sR:8690;sA:9000;\"\n\t\t\t\t\t\t\t\tstyle=\"z-index:5;\"\n\t\t\t\t\t\t\t><!--\n\t\t\t\t\t\t\t\t--><rs-layer\n\t\t\t\t\t\t\t\t\tid=\"slider-14-slide-55-layer-1\" \n\t\t\t\t\t\t\t\t\tdata-type=\"text\"\n\t\t\t\t\t\t\t\t\tdata-color=\"#ffffff\"\n\t\t\t\t\t\t\t\t\tdata-rsp_ch=\"on\"\n\t\t\t\t\t\t\t\t\tdata-xy=\"x:c;xo:2px;y:c;\"\n\t\t\t\t\t\t\t\t\tdata-text=\"s:60;l:70;a:inherit;\"\n\t\t\t\t\t\t\t\t\tdata-frame_999=\"o:0;st:w;sR:8690;\"\n\t\t\t\t\t\t\t\t\tstyle=\"z-index:6;font-family:Oswald;\"\n\t\t\t\t\t\t\t\t>ABOUT US \n\t\t\t\t\t\t\t\t<\/rs-layer><!--\n\t\t\t\t\t\t\t--><\/rs-group><!--\n-->\t\t\t\t\t\t<\/rs-slide>\n\t\t\t\t\t\t<rs-slide data-key=\"rs-56\" data-title=\"Slide\" data-thumb=\"\/\/vivaizanzi.it\/wp-content\/uploads\/2020\/07\/zanzi-frame-5-100x50.jpg\" data-anim=\"ei:d;eo:d;s:600;r:0;t:fade;sl:d;\">\n\t\t\t\t\t\t\t<img loading=\"lazy\" decoding=\"async\" src=\"\/\/vivaizanzi.it\/wp-content\/plugins\/revslider\/public\/assets\/assets\/dummy.png\" title=\"zanzi frame 5\" width=\"1920\" height=\"1080\" data-lazyload=\"\/\/vivaizanzi.it\/wp-content\/uploads\/2020\/07\/zanzi-frame-5.jpg\" data-parallax=\"off\" class=\"rev-slidebg\" data-no-retina>\n<!--\n\t\t\t\t\t\t\t--><rs-group\n\t\t\t\t\t\t\t\tid=\"slider-14-slide-56-layer-3\" \n\t\t\t\t\t\t\t\tdata-type=\"group\"\n\t\t\t\t\t\t\t\tdata-xy=\"x:c;y:c;\"\n\t\t\t\t\t\t\t\tdata-text=\"l:22;a:inherit;\"\n\t\t\t\t\t\t\t\tdata-dim=\"w:299px;h:76px;\"\n\t\t\t\t\t\t\t\tdata-frame_1=\"sR:10;\"\n\t\t\t\t\t\t\t\tdata-frame_999=\"o:0;st:w;sR:8690;sA:9000;\"\n\t\t\t\t\t\t\t\tstyle=\"z-index:5;\"\n\t\t\t\t\t\t\t><!--\n\t\t\t\t\t\t\t\t--><rs-layer\n\t\t\t\t\t\t\t\t\tid=\"slider-14-slide-56-layer-1\" \n\t\t\t\t\t\t\t\t\tdata-type=\"text\"\n\t\t\t\t\t\t\t\t\tdata-color=\"#ffffff\"\n\t\t\t\t\t\t\t\t\tdata-rsp_ch=\"on\"\n\t\t\t\t\t\t\t\t\tdata-xy=\"x:c;xo:2px;y:c;\"\n\t\t\t\t\t\t\t\t\tdata-text=\"s:60;l:70;a:inherit;\"\n\t\t\t\t\t\t\t\t\tdata-frame_999=\"o:0;st:w;sR:8690;\"\n\t\t\t\t\t\t\t\t\tstyle=\"z-index:6;font-family:Oswald;\"\n\t\t\t\t\t\t\t\t>ABOUT US \n\t\t\t\t\t\t\t\t<\/rs-layer><!--\n\t\t\t\t\t\t\t--><\/rs-group><!--\n-->\t\t\t\t\t\t<\/rs-slide>\n\t\t\t\t\t\t<rs-slide data-key=\"rs-57\" data-title=\"Slide\" data-thumb=\"\/\/vivaizanzi.it\/wp-content\/uploads\/2020\/07\/zanzi-frame-6-100x50.jpg\" data-anim=\"ei:d;eo:d;s:600;r:0;t:fade;sl:d;\">\n\t\t\t\t\t\t\t<img loading=\"lazy\" decoding=\"async\" src=\"\/\/vivaizanzi.it\/wp-content\/plugins\/revslider\/public\/assets\/assets\/dummy.png\" title=\"zanzi frame 6\" width=\"1919\" height=\"1080\" data-lazyload=\"\/\/vivaizanzi.it\/wp-content\/uploads\/2020\/07\/zanzi-frame-6.jpg\" data-parallax=\"off\" class=\"rev-slidebg\" data-no-retina>\n<!--\n\t\t\t\t\t\t\t--><rs-group\n\t\t\t\t\t\t\t\tid=\"slider-14-slide-57-layer-3\" \n\t\t\t\t\t\t\t\tdata-type=\"group\"\n\t\t\t\t\t\t\t\tdata-xy=\"x:c;y:c;\"\n\t\t\t\t\t\t\t\tdata-text=\"l:22;a:inherit;\"\n\t\t\t\t\t\t\t\tdata-dim=\"w:299px;h:76px;\"\n\t\t\t\t\t\t\t\tdata-frame_1=\"sR:10;\"\n\t\t\t\t\t\t\t\tdata-frame_999=\"o:0;st:w;sR:8690;sA:9000;\"\n\t\t\t\t\t\t\t\tstyle=\"z-index:5;\"\n\t\t\t\t\t\t\t><!--\n\t\t\t\t\t\t\t\t--><rs-layer\n\t\t\t\t\t\t\t\t\tid=\"slider-14-slide-57-layer-1\" \n\t\t\t\t\t\t\t\t\tdata-type=\"text\"\n\t\t\t\t\t\t\t\t\tdata-color=\"#ffffff\"\n\t\t\t\t\t\t\t\t\tdata-rsp_ch=\"on\"\n\t\t\t\t\t\t\t\t\tdata-xy=\"x:c;xo:2px;y:c;\"\n\t\t\t\t\t\t\t\t\tdata-text=\"s:60;l:70;a:inherit;\"\n\t\t\t\t\t\t\t\t\tdata-frame_999=\"o:0;st:w;sR:8690;\"\n\t\t\t\t\t\t\t\t\tstyle=\"z-index:6;font-family:Oswald;\"\n\t\t\t\t\t\t\t\t>ABOUT US \n\t\t\t\t\t\t\t\t<\/rs-layer><!--\n\t\t\t\t\t\t\t--><\/rs-group><!--\n-->\t\t\t\t\t\t<\/rs-slide>\n\t\t\t\t\t\t<rs-slide data-key=\"rs-58\" data-title=\"Slide\" data-thumb=\"\/\/vivaizanzi.it\/wp-content\/uploads\/2020\/07\/zanzi-frame-7-100x50.jpg\" data-anim=\"ei:d;eo:d;s:600;r:0;t:fade;sl:d;\">\n\t\t\t\t\t\t\t<img loading=\"lazy\" decoding=\"async\" src=\"\/\/vivaizanzi.it\/wp-content\/plugins\/revslider\/public\/assets\/assets\/dummy.png\" title=\"zanzi frame 7\" width=\"1920\" height=\"1080\" data-lazyload=\"\/\/vivaizanzi.it\/wp-content\/uploads\/2020\/07\/zanzi-frame-7.jpg\" data-parallax=\"off\" class=\"rev-slidebg\" data-no-retina>\n<!--\n\t\t\t\t\t\t\t--><rs-group\n\t\t\t\t\t\t\t\tid=\"slider-14-slide-58-layer-3\" \n\t\t\t\t\t\t\t\tdata-type=\"group\"\n\t\t\t\t\t\t\t\tdata-xy=\"x:c;y:c;\"\n\t\t\t\t\t\t\t\tdata-text=\"l:22;a:inherit;\"\n\t\t\t\t\t\t\t\tdata-dim=\"w:299px;h:76px;\"\n\t\t\t\t\t\t\t\tdata-frame_1=\"sR:10;\"\n\t\t\t\t\t\t\t\tdata-frame_999=\"o:0;st:w;sR:8690;sA:9000;\"\n\t\t\t\t\t\t\t\tstyle=\"z-index:5;\"\n\t\t\t\t\t\t\t><!--\n\t\t\t\t\t\t\t\t--><rs-layer\n\t\t\t\t\t\t\t\t\tid=\"slider-14-slide-58-layer-1\" \n\t\t\t\t\t\t\t\t\tdata-type=\"text\"\n\t\t\t\t\t\t\t\t\tdata-color=\"#ffffff\"\n\t\t\t\t\t\t\t\t\tdata-rsp_ch=\"on\"\n\t\t\t\t\t\t\t\t\tdata-xy=\"x:c;xo:2px;y:b;yo:8px;\"\n\t\t\t\t\t\t\t\t\tdata-text=\"s:60;l:70;a:inherit;\"\n\t\t\t\t\t\t\t\t\tdata-frame_999=\"o:0;st:w;sR:8690;\"\n\t\t\t\t\t\t\t\t\tstyle=\"z-index:6;font-family:Oswald;\"\n\t\t\t\t\t\t\t\t>ABOUT US \n\t\t\t\t\t\t\t\t<\/rs-layer><!--\n\t\t\t\t\t\t\t--><\/rs-group><!--\n-->\t\t\t\t\t\t<\/rs-slide>\n\t\t\t\t\t\t<rs-slide data-key=\"rs-59\" data-title=\"Slide\" data-thumb=\"\/\/vivaizanzi.it\/wp-content\/uploads\/2020\/07\/zanzi-frame-8-100x50.jpg\" data-anim=\"ei:d;eo:d;s:600;r:0;t:fade;sl:d;\">\n\t\t\t\t\t\t\t<img loading=\"lazy\" decoding=\"async\" src=\"\/\/vivaizanzi.it\/wp-content\/plugins\/revslider\/public\/assets\/assets\/dummy.png\" title=\"zanzi frame 8\" width=\"1920\" height=\"1080\" data-lazyload=\"\/\/vivaizanzi.it\/wp-content\/uploads\/2020\/07\/zanzi-frame-8.jpg\" data-parallax=\"off\" class=\"rev-slidebg\" data-no-retina>\n<!--\n\t\t\t\t\t\t\t--><rs-group\n\t\t\t\t\t\t\t\tid=\"slider-14-slide-59-layer-3\" \n\t\t\t\t\t\t\t\tdata-type=\"group\"\n\t\t\t\t\t\t\t\tdata-xy=\"x:c;y:c;\"\n\t\t\t\t\t\t\t\tdata-text=\"l:22;a:inherit;\"\n\t\t\t\t\t\t\t\tdata-dim=\"w:299px;h:76px;\"\n\t\t\t\t\t\t\t\tdata-frame_1=\"sR:10;\"\n\t\t\t\t\t\t\t\tdata-frame_999=\"o:0;st:w;sR:8690;sA:9000;\"\n\t\t\t\t\t\t\t\tstyle=\"z-index:5;\"\n\t\t\t\t\t\t\t><!--\n\t\t\t\t\t\t\t\t--><rs-layer\n\t\t\t\t\t\t\t\t\tid=\"slider-14-slide-59-layer-1\" \n\t\t\t\t\t\t\t\t\tdata-type=\"text\"\n\t\t\t\t\t\t\t\t\tdata-color=\"#ffffff\"\n\t\t\t\t\t\t\t\t\tdata-rsp_ch=\"on\"\n\t\t\t\t\t\t\t\t\tdata-xy=\"x:c;xo:2px;y:b;yo:8px;\"\n\t\t\t\t\t\t\t\t\tdata-text=\"s:60;l:70;a:inherit;\"\n\t\t\t\t\t\t\t\t\tdata-frame_999=\"o:0;st:w;sR:8690;\"\n\t\t\t\t\t\t\t\t\tstyle=\"z-index:6;font-family:Oswald;\"\n\t\t\t\t\t\t\t\t>ABOUT US \n\t\t\t\t\t\t\t\t<\/rs-layer><!--\n\t\t\t\t\t\t\t--><\/rs-group><!--\n-->\t\t\t\t\t\t<\/rs-slide>\n\t\t\t\t\t\t<rs-slide data-key=\"rs-60\" data-title=\"Slide\" data-thumb=\"\/\/vivaizanzi.it\/wp-content\/uploads\/2020\/07\/zanzi-frame-9-100x50.jpg\" data-anim=\"ei:d;eo:d;s:600;r:0;t:fade;sl:d;\">\n\t\t\t\t\t\t\t<img loading=\"lazy\" decoding=\"async\" src=\"\/\/vivaizanzi.it\/wp-content\/plugins\/revslider\/public\/assets\/assets\/dummy.png\" title=\"zanzi frame 9\" width=\"1920\" height=\"1080\" data-lazyload=\"\/\/vivaizanzi.it\/wp-content\/uploads\/2020\/07\/zanzi-frame-9.jpg\" data-parallax=\"off\" class=\"rev-slidebg\" data-no-retina>\n<!--\n\t\t\t\t\t\t\t--><rs-group\n\t\t\t\t\t\t\t\tid=\"slider-14-slide-60-layer-3\" \n\t\t\t\t\t\t\t\tdata-type=\"group\"\n\t\t\t\t\t\t\t\tdata-xy=\"x:c;y:c;\"\n\t\t\t\t\t\t\t\tdata-text=\"l:22;a:inherit;\"\n\t\t\t\t\t\t\t\tdata-dim=\"w:299px;h:76px;\"\n\t\t\t\t\t\t\t\tdata-frame_1=\"sR:10;\"\n\t\t\t\t\t\t\t\tdata-frame_999=\"o:0;st:w;sR:8690;sA:9000;\"\n\t\t\t\t\t\t\t\tstyle=\"z-index:5;\"\n\t\t\t\t\t\t\t><!--\n\t\t\t\t\t\t\t\t--><rs-layer\n\t\t\t\t\t\t\t\t\tid=\"slider-14-slide-60-layer-1\" \n\t\t\t\t\t\t\t\t\tdata-type=\"text\"\n\t\t\t\t\t\t\t\t\tdata-color=\"#ffffff\"\n\t\t\t\t\t\t\t\t\tdata-rsp_ch=\"on\"\n\t\t\t\t\t\t\t\t\tdata-xy=\"x:c;xo:2px;y:b;yo:8px;\"\n\t\t\t\t\t\t\t\t\tdata-text=\"s:60;l:70;a:inherit;\"\n\t\t\t\t\t\t\t\t\tdata-frame_999=\"o:0;st:w;sR:8690;\"\n\t\t\t\t\t\t\t\t\tstyle=\"z-index:6;font-family:Oswald;\"\n\t\t\t\t\t\t\t\t>ABOUT US \n\t\t\t\t\t\t\t\t<\/rs-layer><!--\n\t\t\t\t\t\t\t--><\/rs-group><!--\n-->\t\t\t\t\t\t<\/rs-slide>\n\t\t\t\t\t<\/rs-slides>\n\t\t\t\t<\/rs-module>\n\t\t\t\t<script type=\"text\/javascript\">\n\t\t\t\t\tsetREVStartSize({c: 'rev_slider_14_1',rl:[1240,1024,778,480],el:[650],gw:[1240],gh:[650],type:'standard',justify:'',layout:'fullwidth',mh:\"0\"});\n\t\t\t\t\tvar\trevapi14,\n\t\t\t\t\t\ttpj;\n\t\t\t\t\tfunction revinit_revslider141() {\n\t\t\t\t\tjQuery(function() {\n\t\t\t\t\t\ttpj = jQuery;\n\t\t\t\t\t\trevapi14 = tpj(\"#rev_slider_14_1\");\n\t\t\t\t\t\tif(revapi14==undefined || revapi14.revolution == undefined){\n\t\t\t\t\t\t\trevslider_showDoubleJqueryError(\"rev_slider_14_1\");\n\t\t\t\t\t\t}else{\n\t\t\t\t\t\t\trevapi14.revolution({\n\t\t\t\t\t\t\t\tsliderLayout:\"fullwidth\",\n\t\t\t\t\t\t\t\tvisibilityLevels:\"1240,1024,778,480\",\n\t\t\t\t\t\t\t\tgridwidth:1240,\n\t\t\t\t\t\t\t\tgridheight:650,\n\t\t\t\t\t\t\t\tlazyType:\"smart\",\n\t\t\t\t\t\t\t\tperspective:600,\n\t\t\t\t\t\t\t\tperspectiveType:\"local\",\n\t\t\t\t\t\t\t\teditorheight:\"650,500,500,500\",\n\t\t\t\t\t\t\t\tresponsiveLevels:\"1240,1024,778,480\",\n\t\t\t\t\t\t\t\tshuffle:true,\n\t\t\t\t\t\t\t\tprogressBar: {\n\t\t\t\t\t\t\t\t\tcolor:\"rgba(0,0,0,0.15)\",\n\t\t\t\t\t\t\t\t\tvertical:\"top\",\n\t\t\t\t\t\t\t\t\tsize:5,\n\t\t\t\t\t\t\t\t\tx:0,\n\t\t\t\t\t\t\t\t\ty:0\n\t\t\t\t\t\t\t\t},\n\t\t\t\t\t\t\t\tnavigation: {\n\t\t\t\t\t\t\t\t\tmouseScrollNavigation:false,\n\t\t\t\t\t\t\t\t\ttouch: {\n\t\t\t\t\t\t\t\t\t\ttouchenabled:true,\n\t\t\t\t\t\t\t\t\t\tswipe_min_touches:50\n\t\t\t\t\t\t\t\t\t},\n\t\t\t\t\t\t\t\t\tarrows: {\n\t\t\t\t\t\t\t\t\t\tenable:true,\n\t\t\t\t\t\t\t\t\t\tstyle:\"uranus\",\n\t\t\t\t\t\t\t\t\t\thide_onmobile:true,\n\t\t\t\t\t\t\t\t\t\thide_under:600,\n\t\t\t\t\t\t\t\t\t\thide_onleave:true,\n\t\t\t\t\t\t\t\t\t\tleft: {\n\t\t\t\t\t\t\t\t\t\t\th_offset:30\n\t\t\t\t\t\t\t\t\t\t},\n\t\t\t\t\t\t\t\t\t\tright: {\n\t\t\t\t\t\t\t\t\t\t\th_offset:30\n\t\t\t\t\t\t\t\t\t\t}\n\t\t\t\t\t\t\t\t\t}\n\t\t\t\t\t\t\t\t},\n\t\t\t\t\t\t\t\tparallax: {\n\t\t\t\t\t\t\t\t\tlevels:[2,3,4,5,6,7,12,16,10,50,47,48,49,50,51,55],\n\t\t\t\t\t\t\t\t\ttype:\"mouse\",\n\t\t\t\t\t\t\t\t\torigo:\"slidercenter\",\n\t\t\t\t\t\t\t\t\tspeed:2000\n\t\t\t\t\t\t\t\t},\n\t\t\t\t\t\t\t\tfallbacks: {\n\t\t\t\t\t\t\t\t\tallowHTML5AutoPlayOnAndroid:true\n\t\t\t\t\t\t\t\t},\n\t\t\t\t\t\t\t});\n\t\t\t\t\t\t}\n\t\t\t\t\t\t\n\t\t\t\t\t});\n\t\t\t\t\t} \/\/ End of RevInitScript\n\t\t\t\tvar once_revslider141 = false;\n\t\t\t\tif (document.readyState === \"loading\") {document.addEventListener('readystatechange',function() { if((document.readyState === \"interactive\" || document.readyState === \"complete\") && !once_revslider141 ) { once_revslider141 = true; revinit_revslider141();}});} else {once_revslider141 = true; revinit_revslider141();}\n\t\t\t\t<\/script>\n\t\t\t\t<script>\n\t\t\t\t\tvar htmlDivCss = unescape(\"%23rev_slider_14_1_wrapper%20.uranus.tparrows%20%7B%0A%20%20width%3A50px%3B%0A%20%20height%3A50px%3B%0A%20%20background%3Argba%28255%2C255%2C255%2C0%29%3B%0A%20%7D%0A%20%23rev_slider_14_1_wrapper%20.uranus.tparrows%3Abefore%20%7B%0A%20width%3A50px%3B%0A%20height%3A50px%3B%0A%20line-height%3A50px%3B%0A%20font-size%3A40px%3B%0A%20transition%3Aall%200.3s%3B%0A-webkit-transition%3Aall%200.3s%3B%0A%20%7D%0A%20%0A%20%20%23rev_slider_14_1_wrapper%20.uranus.tparrows%3Ahover%3Abefore%20%7B%0A%20%20%20%20opacity%3A0.75%3B%0A%20%20%7D%0A\");\n\t\t\t\t\tvar htmlDiv = document.getElementById('rs-plugin-settings-inline-css');\n\t\t\t\t\tif(htmlDiv) {\n\t\t\t\t\t\thtmlDiv.innerHTML = htmlDiv.innerHTML + htmlDivCss;\n\t\t\t\t\t}else{\n\t\t\t\t\t\tvar htmlDiv = document.createElement('div');\n\t\t\t\t\t\thtmlDiv.innerHTML = '<style>' + htmlDivCss + '<\/style>';\n\t\t\t\t\t\tdocument.getElementsByTagName('head')[0].appendChild(htmlDiv.childNodes[0]);\n\t\t\t\t\t}\n\t\t\t\t<\/script>\n\t\t\t\t<script>\n\t\t\t\t\tvar htmlDivCss = unescape(\"%0A%0A%0A%0A%0A%0A%0A%0A%0A\");\n\t\t\t\t\tvar htmlDiv = document.getElementById('rs-plugin-settings-inline-css');\n\t\t\t\t\tif(htmlDiv) {\n\t\t\t\t\t\thtmlDiv.innerHTML = htmlDiv.innerHTML + htmlDivCss;\n\t\t\t\t\t}else{\n\t\t\t\t\t\tvar htmlDiv = document.createElement('div');\n\t\t\t\t\t\thtmlDiv.innerHTML = '<style>' + htmlDivCss + '<\/style>';\n\t\t\t\t\t\tdocument.getElementsByTagName('head')[0].appendChild(htmlDiv.childNodes[0]);\n\t\t\t\t\t}\n\t\t\t\t<\/script>\n\t\t\t<\/rs-module-wrap>\n\t\t\t<!-- END REVOLUTION SLIDER -->\n<\/div><\/div><\/div><\/div><\/div><\/div><div class=\"container\"><div class=\"vc_row wpb_row vc_row-fluid form_background\"><div class=\"wpb_column vc_column_container vc_col-sm-12\"><div class=\"vc_column-inner\"><div class=\"wpb_wrapper\">\n\t<div class=\"wpb_text_column wpb_content_element\" >\n\t\t<div class=\"wpb_wrapper\">\n\t\t\t<p>Da anni la <strong>Vivai F.lli Zanzi<\/strong> \u00e8 un punto di riferimento sicuro per voi e per tutto il settore ortofrutticolo, con un grandissimo bagaglio di esperienza e professionalit\u00e0. Vi offre decine di variet\u00e0 selezionate e innovative, accompagnate da un supporto tecnico di qualit\u00e0 e da una banca dati completa. \u00c8 un&#8217;azienda di respiro internazionale attiva in Europa, Asia, Medio Oriente e Nord Africa, con una percentuale sempre crescente di esportazioni. Produce ogni anno oltre 3 milioni di piante da frutto e 15 milioni di piante di fragole. Detiene le licenze di moltiplicazione delle pi\u00f9 importanti variet\u00e0 presenti sul mercato e collabora con i pi\u00f9 importanti centri di ricerca, universit\u00e0, istituti e centri di sperimentazione.\u00c8 fatta di persone motivate e competenti, pronte a lavorare sul campo insieme a voi.<\/p>\n<p>&nbsp;<\/p>\n<h2 id=\"pqua\" class=\"pqua\"><b>Puntare sulla qualit\u00e0.<\/b><\/h2>\n<p>Fino a qualche decennio fa, l&#8217;agricoltore aveva in mente solo la quantit\u00e0. Oggi, con l&#8217;evoluzione del mercato della frutta, l&#8217;accento si sposta sempre pi\u00f9 sulla qualit\u00e0. Gli elevati costi di impianto non permettono errori di base: \u00e8 inutile preparare bene il terreno, concimare, predisporre l\u2019impianto di irrigazione, i pali, se poi le piante non rispondono ai migliori requisiti. Un frutteto di bassa qualit\u00e0 costa un po&#8217; meno, all&#8217;inizio.<\/p>\n<p>Ma produrr\u00e0 in modo non uniforme, con frutta che non corrisponde ai requisiti richiesti dal mercato, richieder\u00e0 continue cure e aggiustamenti. Finch\u00e9, rassegnato, l&#8217;agricoltore lo estirper\u00e0. Per questo la Vivai F.lli Zanzi offre solo piante di alta qualit\u00e0, sia per quanto riguarda lo sviluppo (dotazioni di rami, saldatura d\u2019innesto), sia per la sanit\u00e0 dei materiali e la certezza genetica.<\/p>\n<p>Consulenze mirate e ripetute permettono di raggiungere standards qualitativi e quantitativi elevati. Crediamo che investire in qualit\u00e0 sia il modo migliore per salvaguardare, anche nel lungo periodo, la vostra azienda e tutta l&#8217;agricoltura italiana.<\/p>\n<p>&nbsp;<\/p>\n<h2 id=\"pfru\" class=\"pfru\"><b>L&#8217;innovazione da buoni frutti.<\/b><\/h2>\n<p>L&#8217;agricoltura \u00e8 una scienza antica che per\u00f2 vive di continue innovazioni. Da sempre Vivai F.lli Zanzi lavora per portare sul mercato nuove variet\u00e0 e nuovi portinnesti, rispettando i regolamenti internazionali in tema di brevetti e pagando royalties ai legittimi detentori.<\/p>\n<p>L\u2019azienda ha ottenuto le licenze di moltiplicazione per numerose variet\u00e0, stringendo accordi con universit\u00e0 e laboratori internazionali. Tra questi rientra l\u2019esclusiva europea delle pi\u00f9 famose variet\u00e0 di fragole ottenute dall\u2019Universit\u00e0 di California, ancor oggi di grande importanza a livello mondiale. L&#8217;imprenditorialit\u00e0 della Vivai F.lli Zanzi non ha paura di guardare avanti e di fare proprie le nuove idee che nascono in giro per il mondo.<\/p>\n<p>&nbsp;<\/p>\n<h2><b>La certificazione, una garanzia per tutti.<\/b><\/h2>\n<p>Tutta la produzione di Vivai F.lli Zanzi \u00e8 sottoposta a severi controlli fitosanitari per garantire un elevato standard sanitario e qualitativo. Avere piante prive di malattie \u00e8 una condizione indispensabile per il successo dell\u2019impianto.<\/p>\n<p>Gi\u00e0 alla fine degli anni sessanta, con grande lungimiranza, l&#8217;azienda ha iniziato vari processi di risanamento del materiale vegetale, costruendo repositori di materiali di base, celle di termoterapia, serre di isolamento e campi di piante madri.<\/p>\n<p>Successivamente, Zanzi vivai \u00e8 sempre stata all&#8217;avanguardia sul tema della certificazione, collaborando con istituti e autorit\u00e0 a livello regionale e nazionale per arrivare a una chiara regolamentazione del settore. Incrementare la produzione di piante certificate (fragole, pomacee, drupacee) \u00e8 una leva competitiva che aiuter\u00e0 l&#8217;agricoltura italiana a contrastare e anche superare la concorrenza degli altri Paesi dell\u2019Unione europea.<\/p>\n\n\t\t<\/div>\n\t<\/div>\n<\/div><\/div><\/div><\/div><\/div>","protected":false},"excerpt":{"rendered":"ABOUT US ABOUT US ABOUT US ABOUT US ABOUT US ABOUT US ABOUT US ABOUT US ABOUT US Da anni la Vivai F.lli Zanzi \u00e8 un punto di riferimento sicuro per voi e per tutto il settore ortofrutticolo, con un grandissimo bagaglio di esperienza e professionalit\u00e0. Vi offre decine di variet\u00e0 selezionate e innovative, accompagnate<div class=\"klb-readmore\"><a href=\"https:\/\/vivaizanzi.it\/eng\/about-us\/\" class=\"btn\">READ MORE<\/a><\/div>","protected":false},"author":1,"featured_media":0,"parent":0,"menu_order":0,"comment_status":"closed","ping_status":"closed","template":"","meta":{"footnotes":""},"class_list":["post-255","page","type-page","status-publish","hentry","blog_entry clearfix"],"_links":{"self":[{"href":"https:\/\/vivaizanzi.it\/eng\/wp-json\/wp\/v2\/pages\/255","targetHints":{"allow":["GET"]}}],"collection":[{"href":"https:\/\/vivaizanzi.it\/eng\/wp-json\/wp\/v2\/pages"}],"about":[{"href":"https:\/\/vivaizanzi.it\/eng\/wp-json\/wp\/v2\/types\/page"}],"author":[{"embeddable":true,"href":"https:\/\/vivaizanzi.it\/eng\/wp-json\/wp\/v2\/users\/1"}],"replies":[{"embeddable":true,"href":"https:\/\/vivaizanzi.it\/eng\/wp-json\/wp\/v2\/comments?post=255"}],"version-history":[{"count":8,"href":"https:\/\/vivaizanzi.it\/eng\/wp-json\/wp\/v2\/pages\/255\/revisions"}],"predecessor-version":[{"id":3026,"href":"https:\/\/vivaizanzi.it\/eng\/wp-json\/wp\/v2\/pages\/255\/revisions\/3026"}],"wp:attachment":[{"href":"https:\/\/vivaizanzi.it\/eng\/wp-json\/wp\/v2\/media?parent=255"}],"curies":[{"name":"wp","href":"https:\/\/api.w.org\/{rel}","templated":true}]}}