{"id":3426,"date":"2022-12-06T13:14:05","date_gmt":"2022-12-06T12:14:05","guid":{"rendered":"http:\/\/vivaizanzi.it\/?page_id=3426"},"modified":"2022-12-06T13:26:54","modified_gmt":"2022-12-06T12:26:54","slug":"termini-e-cond","status":"publish","type":"page","link":"https:\/\/vivaizanzi.it\/eng\/termini-e-cond\/","title":{"rendered":"Termini e condizioni"},"content":{"rendered":"<div class=\"container\"><div class=\"vc_row wpb_row vc_row-fluid vc_custom_1670329557877\"><div class=\"wpb_column vc_column_container vc_col-sm-12\"><div class=\"vc_column-inner\"><div class=\"wpb_wrapper\">\n\t<div class=\"wpb_text_column wpb_content_element  unselect\" >\n\t\t<div class=\"wpb_wrapper\">\n\t\t\t<h2 style=\"text-align: center;\">CONDIZIONI GENERALI Dl CONTRATTO<br \/>\nFattura Pro-forma\/Conferma d&#8217;ordine nr.\u00a0\u00a0\u00a0\u00a0\u00a0\u00a0\u00a0\u00a0\u00a0\u00a0\u00a0 del<\/h2>\n<h3><strong>IDENTIT\u00c0 DELLA PARTE VENDITRICE.<\/strong><\/h3>\n<p>Per l&#8217;applicazione delle presenti condizioni generali, con riferimento a qualsiasi vendita o fornitura, Vivai F.lli Zanzi di Carlo Zanzi e C. s.s. Soc. Agricola, corrente in Fossanova San Marco, frazione Gorgo (Ferrara &#8211; Italia), via del Gorgo, n. 1 37, codice fiscale e partita iva 01 180120386, deve intendersi e qualificarsi quale &#8220;parte Venditrice&#8221;.<\/p>\n<ol start=\"2\">\n<li>\n<h3>IDENTIT\u00c0 DELLA PARTE ACQUIRENTE<\/h3>\n<\/li>\n<\/ol>\n<p>Deve intendersi tale, ai fini dell&#8217;applicazione delle presenti condizioni generali, il &#8220;Cliente&#8221;, come identificato dalla parte Venditrice in sede di &#8220;Conferma d&#8217;ordine&#8221; o &#8220;Conferma di commissione&#8221;.<\/p>\n<ol start=\"3\">\n<li>\n<h3>FORMAZIONE DEL CONTRATTO.<\/h3>\n<\/li>\n<\/ol>\n<p>Il contratto tra le parti si intende perfezionato esclusivamente con la conoscenza in capo alla parte Venditrice dell&#8217;accettazione da parte del Cliente della &#8220;Conferma d&#8217;ordine&#8221; o &#8220;Conferma di commissione&#8221;. Si intende perfezionata l&#8217;accettazione mediante trasmissione presso la parte Venditrice a mezzo raccomandata a\/r, email, PEC, telefax o equivalenti strumenti elettronici. Qualsiasi modifica, revoca, cancellazione, per ritenersi efficace dovr\u00e0 essere validata e accettata dalla parte Venditrice per iscritto.<\/p>\n<ol start=\"4\">\n<li>\n<h3>CONTENUTO E INTERPRETAZIONE DEL CONTRATTO<\/h3>\n<\/li>\n<\/ol>\n<p>L&#8217;ordine, la commissione, la conferma d&#8217;ordine, la conferma di commissione, il contratto di vendita, i servizi di fornitura, i servizi di assistenza, il prezzo concordato, il pagamento, tutte le vicende post vendita e\/o conseguenti ad essa, sono disciplinati e soggetti alle presenti condizioni generali, non ingiustificatamente gravose, conformi alle buone pratiche commerciali, ben note alle parti, visibili sul sito internet www.vivaizanzi.it accettate integralmente, conosciute e conoscibili con l&#8217;ordinaria diligenza dal Cliente. Non sono valide ed efficaci modifiche deroghe, aggiunte, integrazioni che non siano accettate per iscritto dalla parte Venditrice. L&#8217;interpretazione del contenuto obbligatorio non potr\u00e0 mai divergere da ci\u00f2 che le parti hanno espressamente voluto per iscritto. Le presenti condizioni generali, per espressa volont\u00e0 dei contraenti, si applicano a tutti i rapporti intrattenuti dalla parte Venditrice ed il Cliente nell&#8217;ambito delle forniture di merce o servizi ordinate ed eseguite con le modalit\u00e0 tutte qui previste e disciplinate. Il Cliente, contestualmente all&#8217;accettazione della conferma d&#8217;ordine o commissione predisposto dalla Venditrice, conosce e approva le presenti condizioni generali di contratto e le clausole tutte espressamente e specificamente richiamate alla sua attenzione. Cataloghi, listini prezzi, informazioni comunque riferibili ai prodotti, alla merce ed ai servizi della Venditrice, ove non richiamati dal contratto concluso tra le parti sono sempre da intendersi a titolo informativo e non costituiscono mai offerta, salvo manifestazione scritta proveniente dalla parte Venditrice.<\/p>\n<ol start=\"5\">\n<li>\n<h3>PREZZO DELLA MERCE O DEL SERVIZIO FORNITO.<\/h3>\n<\/li>\n<\/ol>\n<p>Il prezzo convenuto dalle parti non \u00e8 mai comprensivo di spese d&#8217;imballaggio, trasporto, carico\/scarico merce. Tali costi sono sempre posti a carico esclusivo del Cliente, salvo diversa manifestazione o accordo scritto con la parte Venditrice. Il prezzo si intende sempre esclusivo di imposte e tasse. ln ogni caso i costi, comprendenti imposte, tassi, oneri di ogni genere, transazioni bancarie, cambio valuta, cambio merce, sono sempre a carico del Cliente. Il mancato pagamento nei termini previsti del prezzo, d\u00e0 diritto alla parte Venditrice di applicare interessi di mora per ogni giorno di ritardo nella misura prevista dal D. Lgs. 231\/2002, legittimandola sempre a sospendere i propri obblighi ed esonerandola da qualsivoglia responsabilit\u00e0.<\/p>\n<ol start=\"6\">\n<li>\n<h3>IMBALLAGGIO<\/h3>\n<\/li>\n<\/ol>\n<p>L&#8217;imballaggio viene eseguito dalla parte Venditrice, avuto riguardo alla natura ed alle caratteristiche della merce fornita, nonch\u00e9 alla distanza ed alle modalit\u00e0 di trasporto occorrenti per la consegna. I relativi oneri sono quantificati in fattura al prezzo di costo. Il Cliente non potr\u00e0 mai esonerarsi dal pagamento di tali costi nemmeno con riconsegna di tali beni alla parte Venditrice che si intende sempre rifiutata.<\/p>\n<ol start=\"7\">\n<li>\n<h3>TRASPORTO<\/h3>\n<\/li>\n<\/ol>\n<p>La parte Venditrice, salvo accettazione di preventiva diversa indicazione del Cliente, organizzer\u00e0 discrezionalmente il trasporto della merce da fornire con mezzi e modalit\u00e0 che tengono conto dell&#8217;economicit\u00e0, della natura della merce, della eventuale minore o maggiore deperibilit\u00e0 della stessa. La parte venditrice non \u00e8 responsabile di tale decisione. La merce viaggia sempre a rischio e pericolo del Cliente. La parte venditrice non \u00e8 responsabile per danni e perdite conseguenti a caso fortuito, forza maggiore, eventi atmosferici, calamit\u00e0 naturali, inquinamento, azione di terzi, inadempimento del vettore, sinistri, sommosse, tumulti.<\/p>\n<ol start=\"8\">\n<li>\n<h3>CONDIZIONI Dl CONSEGNA.<\/h3>\n<\/li>\n<\/ol>\n<p>Salvo diverso ed espresso accordo scritto tra la parte Venditrice e il Cliente, la merce fornita \u00e8 venduta &#8220;franco partenza&#8217; Il tempo di consegna eventualmente previsto ha valore indicativo, non costituisce diritto alcuno in merito a pretese o danni e pu\u00f2 sempre subire variazioni, salvo diverso patto scritto contrario tra le parti. Il Cliente \u00e8 tenuto a ricevere la merce acquistata in luoghi idonei, dotati di strutture atte ad ospitarla e scaricarla, con rischio a suo esclusivo carico. Il Cliente non potr\u00e0 mai rifiutare la merce acquistata. Il Cliente \u00e8 tenuto a verificare immediatamente alla consegna la conformit\u00e0 della merce ricevuta.<\/p>\n<ol start=\"9\">\n<li>\n<h3>CONFORMIT\u00c0 E RICEVIMENTO DELLA MERCE<\/h3>\n<\/li>\n<\/ol>\n<p>Con la consegna della merce fornita, la stessa si presume conforme per quantit\u00e0 e qualit\u00e0 in difetto di reclamo scritto da parte del Cliente inoltrato alla parte Venditrice nelle 48 ore successive a mezzo PEC e\/o raccomandata a\/r. ln difetto il Cliente deve intendersi decaduto dal proporre denunzia di mancata conformit\u00e0 della consegna.<\/p>\n<ol start=\"10\">\n<li>\n<h3>RECLAMI E CONTESTAZIONI.<\/h3>\n<\/li>\n<\/ol>\n<p>Il Cliente \u00e8 espressamente onerato di inoltrare eventuali reclami o contestazioni rispetto la fornitura ricevuta non oltre 48 ore decorrenti dalla consegna della merce. La validit\u00e0 e l&#8217;efficacia del reclamo o della contestazione, da inoltrarsi presso la parte Venditrice per iscritto, a mezzo PEC o raccomandata a\/r, o equivalente, presuppone la riconoscibilit\u00e0 evidente e visibile della non conformit\u00e0 e l&#8217;integrit\u00e0 della merce fornita, comprensiva di etichette e cartellini comprovanti variet\u00e0 e provenienza dei prodotti. Nessun reso \u00e8 efficace in difetto di accettazione scritta<\/p>\n<ol start=\"11\">\n<li>\n<h3>GARANZIE<\/h3>\n<\/li>\n<\/ol>\n<p>La parte Venditrice garantisce al Cliente che la merce e i servizi oggetto di fornitura sono conformi agli standard previsti per quel tipo di merce ed alle normative di settore. Sono esclusi tutti i termini, le condizioni e le garanzie diversi da quelli espressamente qui previsti e\/o in sede di conferma dordine e\/o pattuiti per iscritto dalle parti. Le caratteristiche visive, dimensionali, olfattive, o altre propriet\u00e0 fisiche, della merce fornita, rispondono agli standard mediamente previsti per la stessa e sono soggetti a tolleranze naturali e\/o sempre preventivamente illustrate dalla parte Venditrice. \u00c8 sempre esclusa la responsabilit\u00e0 della parte venditrice: a) per mancato attecchimento della merce per essere tale eventualit\u00e0 direttamente soggetta alla sfera di controllo e azione del Cliente; b) per mancato attecchimento di gemme, marze, talee, astoni; c) per deperimento della merce conseguente ad uso improprio e\/o non conforme a prassi e\/o condotta di terzi; d) per mancato ricevimento di reclamo scritto entro le 48 ore dalla consegna. Il Cliente \u00e8 sempre responsabile, con esonero di ogni garanzia da parte della Venditrice, della corretta piantumazione, utilizzo di qualsiasi genere, movimentazione successiva alla consegna, alterazione della merce rispetto quanto descritto in conferma d&#8217;ordine o nei cartellini identificativi o documenti di viaggio di cui la merce fornita \u00e8 dotata. Si presume sempre che il Cliente \u00e8 stato debitamente informato di tutte le caratteristiche possedute dalla merce fornita. La responsabilit\u00e0 della parte Venditrice \u00e8 in ogni caso sempre limitata ad errori varietali e sempre che non siano conseguenza diretta dell&#8217;azione di terzi o del Cliente e manifestati e\/o scoperti nel periodo di due anni dalla consegna e previa integrit\u00e0 dei cartellini o etichette comprovanti variet\u00e0 e provenienza della merce. La parte Venditrice risponde dei danni patrimoniali lamentati dal Cliente che siano conseguenza di errori varietali tempestivamente e validamente denunciati nei limiti del valore della fornitura viziata e specificato in conferma d&#8217;ordine.<\/p>\n<ol start=\"12\">\n<li>\n<h3>RISOLUZIONE O SOSPENSIONE DEL CONTRATTO.<\/h3>\n<\/li>\n<\/ol>\n<p>ln caso di inadempimento del Cliente degli obblighi qui previsti, anche relativi al ritardo nel pagamento del prezzo concordato, anche di un solo giorno, la parte Venditrice \u00e8 legittimata a richiedere il pagamento anticipato per la consegna, anche precedente o futura; il rilascio di idonee garanzie sufficienti ad assicurare l&#8217;adempimento; a sospendere l&#8217;esecuzione dei propri obblighi e risolvere il rapporto comunicandolo al Cliente.<\/p>\n<ol start=\"13\">\n<li>\n<h3>RECESSO<\/h3>\n<\/li>\n<\/ol>\n<p>La parte Venditrice, a fronte di impedimenti determinati da forza maggiore, sopravvenuti e comprovanti mutamenti della propria organizzazione societaria e gestionale, di costi, di modifiche a norme e regolamenti disciplinanti la fornitura tra le parti, potr\u00e0 recedere dal contratto, mediante comunicazione da inoltrarsi al Cliente per iscritto.<\/p>\n<ol start=\"14\">\n<li>\n<h3>PROPRIET\u00c0 INTELLETTUALE.<\/h3>\n<\/li>\n<\/ol>\n<p>Le forniture che hanno per oggetto variet\u00e0 di piante, parti di esse, talee, gemme, marze, tutte tutelate da brevetto, impongo al Cliente l&#8217;osservanza di condotte e l&#8217;assunzione di obblighi e, segnatamente: a) impegno di non riprodurre o moltiplicare le variet\u00e0 tutelate fornite, sia per uso proprio che per farne vendita a terzi; b) impegno di segnalare tempestivamente alla Venditrice eventuali sottrazioni o uso improprio di tali variet\u00e0 da parte di terzi di cui venisse a conoscenza; c) divieto di destinazione alla vendita, anche con diversa denominazione che eventualmente venisse data alla variet\u00e0 tutelata; d) impegno di compilare e sottoscrivere la modulistica e il contratto di coltivazione della variet\u00e0 tutelata ricevuta in fornitura, predisposto dalla Venditrice.<\/p>\n<ol start=\"15\">\n<li>\n<h3>LEGGE E GIURISDIZIONE APPLICABILE.<\/h3>\n<\/li>\n<\/ol>\n<p>Il contratto sorto tra la parte Venditrice e il Cliente, anche laddove quest&#8217;ultimo abbia sede e\/o stabilimento produttivo, in uno<\/p>\n<p>Stato estero e comunque diverso da quello della parte Venditrice, \u00e8 sempre espressamente regolato dalla Legge e dalla Giurisdizione applicabile nel luogo ove si trova la sede legale della parte Venditrice, restando inapplicabili e sempre derogate tra le parti disposizioni diverse che dovessero essere previste da Trattati, Convenzioni e Leggi internazionali. La Legge e la Giurisdizione italiana, per l&#8217;effetto, \u00e8 sempre applicabile, per concorde volont\u00e0 delle parti, a tutti i rapporti obbligatori sorti e disciplinati dalle presenti condizioni generali di vendita ed ai contratti tutti stipulati tra la parte Venditrice ed il Cliente.<\/p>\n<ol start=\"16\">\n<li>\n<h3>FORO COMPETENTE.<\/h3>\n<\/li>\n<\/ol>\n<p>Per ogni controversia che dovesse insorgere tra la parte Venditrice e il Cliente, nell&#8217;ambito di tutti i rapporti obbligatori tra le medesime comunque intercorsi e costituiti, compresi quelli disciplinati in osservanza delle presenti condizioni generali, nonch\u00e9 di ogni controversia giudiziaria che venisse ad instaurarsi con il Cliente, le parti dichiarano di eleggere la competenza esclusiva ed inderogabile in capo al Foro di Ferrara.<\/p>\n<ol start=\"17\">\n<li>\n<h3>CONFORMIT\u00c0 ALLE BUONE PRATICHE COMMERCIALI.<\/h3>\n<\/li>\n<\/ol>\n<p>L&#8217;acquirente con la sottoscrizione della conferma d&#8217;ordine, ricorrendone i presupposti applicativi, prende atto della conclusione di un contratto di cessione di prodotti agricoli, come elencati nell&#8217;Allegato I del T FUE e conformi alle buone pratiche commerciali nella filiera agricola, che assolve tutti gli obblighi di cui all&#8217;art. 3 del D. Lgs. 198\/2021 .<\/p>\n<p>Il Cliente, con la sottoscrizione delle presenti condizioni generali, dichiara di accettarle espressamente e specificamente, di averne compreso e trattato il contenuto in ogni sua parte, che per l&#8217;effetto approva integralmente e incondizionatamente.<\/p>\n<p>Luogo e Data\u00a0\u00a0\u00a0\u00a0\u00a0\u00a0\u00a0\u00a0\u00a0\u00a0\u00a0\u00a0\u00a0\u00a0\u00a0\u00a0\u00a0\u00a0\u00a0\u00a0\u00a0\u00a0\u00a0\u00a0\u00a0\u00a0\u00a0\u00a0\u00a0\u00a0\u00a0\u00a0\u00a0\u00a0\u00a0\u00a0\u00a0\u00a0\u00a0\u00a0\u00a0\u00a0\u00a0\u00a0\u00a0\u00a0\u00a0\u00a0\u00a0\u00a0\u00a0\u00a0\u00a0\u00a0\u00a0\u00a0\u00a0\u00a0\u00a0\u00a0\u00a0\u00a0\u00a0\u00a0 Timbro societ\u00e0\/ditta<\/p>\n<p>&nbsp;<\/p>\n<p>Firma leggibile legale rappresentante pro-tempore<\/p>\n<p>Il Cliente, sottoscrivendo le presenti condizioni generali, dichiara di accettarle espressamente e specificamente, di averne compreso il contenuto in ogni sua parte e di approvarlo integralmente e incondizionatamente. Inoltre, dichiara, anche ai sensi e per gli effetti degli articoli 1 341 e 1342 c.c., di approvare specificamente i seguenti articoli: 4) CONTENUTO E INTERPRETAZIONE DEL CONTRATTO; 6) IMBALLAGGIO; 7) TRASPORTO; 8) CONDIZIONI DI CONSEGNA; 9) CONFORMITA\u2019 E RICEVIMENTO DELLA MERCE; 10) RECLAMIECONTESTAZIONI; 11) GARANZIE; 12) RISOLUZIONE<\/p>\n<p>O SOSPENSIONE DEL CONTRATTO; 13) RECESSO; 14) PROPRIET\u00c0 INTELLETTUALE; 15) LEGGE E GIURISDIZIONE APPLICABILE; 16) FORO<\/p>\n<p>&nbsp;<\/p>\n<p>COMPETENTE.<\/p>\n<p>Luogo e Data<\/p>\n<p>&nbsp;<\/p>\n<p>Timbro societ\u00e0\/ditta<\/p>\n<p>Firma leggibile legale rappresentante pro-tempore<\/p>\n\n\t\t<\/div>\n\t<\/div>\n<\/div><\/div><\/div><\/div><\/div>","protected":false},"excerpt":{"rendered":"CONDIZIONI GENERALI Dl CONTRATTO Fattura Pro-forma\/Conferma d'ordine nr.\u00a0\u00a0\u00a0\u00a0\u00a0\u00a0\u00a0\u00a0\u00a0\u00a0\u00a0 del IDENTIT\u00c0 DELLA PARTE VENDITRICE. Per l'applicazione delle presenti condizioni generali, con riferimento a qualsiasi vendita o fornitura, Vivai F.lli Zanzi di Carlo Zanzi e C. s.s. Soc. Agricola, corrente in Fossanova San Marco, frazione Gorgo (Ferrara - Italia), via del Gorgo, n. 1 37, codice fiscale<div class=\"klb-readmore\"><a href=\"https:\/\/vivaizanzi.it\/eng\/termini-e-cond\/\" class=\"btn\">READ MORE<\/a><\/div>","protected":false},"author":1,"featured_media":0,"parent":0,"menu_order":0,"comment_status":"closed","ping_status":"closed","template":"","meta":{"footnotes":""},"class_list":["post-3426","page","type-page","status-publish","hentry","blog_entry clearfix"],"_links":{"self":[{"href":"https:\/\/vivaizanzi.it\/eng\/wp-json\/wp\/v2\/pages\/3426","targetHints":{"allow":["GET"]}}],"collection":[{"href":"https:\/\/vivaizanzi.it\/eng\/wp-json\/wp\/v2\/pages"}],"about":[{"href":"https:\/\/vivaizanzi.it\/eng\/wp-json\/wp\/v2\/types\/page"}],"author":[{"embeddable":true,"href":"https:\/\/vivaizanzi.it\/eng\/wp-json\/wp\/v2\/users\/1"}],"replies":[{"embeddable":true,"href":"https:\/\/vivaizanzi.it\/eng\/wp-json\/wp\/v2\/comments?post=3426"}],"version-history":[{"count":4,"href":"https:\/\/vivaizanzi.it\/eng\/wp-json\/wp\/v2\/pages\/3426\/revisions"}],"predecessor-version":[{"id":3430,"href":"https:\/\/vivaizanzi.it\/eng\/wp-json\/wp\/v2\/pages\/3426\/revisions\/3430"}],"wp:attachment":[{"href":"https:\/\/vivaizanzi.it\/eng\/wp-json\/wp\/v2\/media?parent=3426"}],"curies":[{"name":"wp","href":"https:\/\/api.w.org\/{rel}","templated":true}]}}