{"id":573,"date":"2018-12-06T16:40:06","date_gmt":"2018-12-06T16:40:06","guid":{"rendered":"http:\/\/klbtheme.com\/qualis\/?page_id=3"},"modified":"2020-07-28T15:47:20","modified_gmt":"2020-07-28T13:47:20","slug":"privacy-policy","status":"publish","type":"page","link":"https:\/\/vivaizanzi.it\/eng\/privacy-policy\/","title":{"rendered":"Privacy Policy"},"content":{"rendered":"<p>INFORMATIVA E CONSENSO NEL FORM DEI CONTATTI<\/p>\n\n\n\n<p>Desideriamo informarLa che il \u201c<em>Regolamento Europeo 2016\/679 relativo alla protezione delle persone fisiche con riguardo al Trattamento dei Dati Personali, nonch\u00e9 alla libera circolazione di tali dati<\/em>\u201d (da ora in poi \u201cGDPR\u201d) prevede la tutela delle persone e di altri soggetti rispetto al trattamento dei dati personali. Vivai f.lli Zanzi di C. Zanzi &amp; C. s.s. Soc. Agr., in qualit\u00e0 di \u201cTitolare\u201d del trattamento, ai sensi dell\u2019articolo 13 del GDPR, pertanto, Le fornisce le seguenti informazioni:<\/p>\n\n\n\n<ul class=\"wp-block-list\"><li>La presente privacy policy si applica esclusivamente alle attivit\u00e0 online del sito www.vivaizanzi.it ed \u00e8 valida per i visitatori\/utenti del sito. Non si applica alle informazioni raccolte tramite canali diversi al presente sito web. In ottemperanza degli obblighi derivanti dalla normativa nazionale e comunitaria in materia di tutela dei dati personali, il presente sito rispetta e tutela la riservatezza dei visitatori e degli utenti.<\/li><\/ul>\n\n\n\n<ul class=\"wp-block-list\"><li>CATEGORIE DI DATI: Come tutti i siti web anche il presente sito acquisisce alcuni dati personali la cui trasmissione \u00e8 implicita nell\u2019uso dei protocolli di comunicazione Internet. In questa categoria di dati rientrano gli indirizzi IP o i nomi a dominio dei computer utilizzati dagli utenti che si connettono al sito, gli indirizzi in notazione URI (Uniform Resource Identifier) delle risorse richieste, l\u2019orario della richiesta, il metodo utilizzato nel sottoporre la richiesta al server, la dimensione del file ottenuto in risposta, il codice numerico indicante lo stato della risposta data dal server (buon fine, errore, ecc.) ed altri parametri relativi al sistema operativo e all\u2019ambiente informatico dell\u2019utente.<\/li><li>FONTE DEI DATI PERSONALI: I dati personali di cui Vivai f.lli Zanzi sar\u00e0 in possesso sono raccolti direttamente dall\u2019interessato all\u2019atto della compilazione del presente form. Si tratta infatti di dati inseriti volontariamente dall\u2019utente negli appositi campi di compilazione previsti dal presente sito: nome e cognome, indirizzo email.<\/li><li>TITOLARE DEL TRATTAMENTO: Il titolare del trattamento \u00e8 Vivai f.lli Zanzi di C. Zanzi &amp; C. s.s. Soc. Agr., Via Del Gorgo 137 \u2013 Gorgo &#8211; Ferrara \u2013 Italy \u2013 E-mail vivaizanzi@vivaizanzi.it.<\/li><li>FINALIT\u00c0 DI TRATTAMENTO DEI DATI E BASE GIURIDICA: I dati di navigazione sono acquisiti dai sistemi informatici e dalle procedure software di questo sito web per il suo normale esercizio. Si tratta di informazioni che non sono raccolte per essere associate a interessati identificati, ma che per loro stessa natura potrebbero, attraverso elaborazioni ed associazioni con dati detenuti da terzi, permettere di identificare gli utenti. Questi dati vengono utilizzati al solo fine di ricavare informazioni statistiche anonime sull\u2019uso del sito e per controllarne il corretto funzionamento. Inoltre, potrebbero essere utilizzati per l\u2019accertamento di responsabilit\u00e0 in caso di ipotetici reati informatici ai datti del sito. I dati personali sono da lei forniti personalmente e volontariamente, sulla base del consenso espresso dall\u2019utente attraverso la persistente navigazione sul sito (comportamento concludente). I dati forniti dall\u2019utente saranno utilizzati per le seguenti finalit\u00e0: rispondere alle richieste di informazioni, effettuare operazioni di compra\/vendita e contattare l\u2019utente tramite l\u2019indirizzo e-mail e\/o i numeri telefonici forniti compilando il form contatti.<\/li><li>DESTINATARI DEI DATI: Nei limiti pertinenti alle finalit\u00e0 di trattamento indicate, i Suoi dati potranno essere comunicati a partner, societ\u00e0 di consulenza, aziende private, nominati Responsabili dal Titolare del Trattamento. I Suoi dati non saranno in alcun modo oggetto di diffusione. I Responsabili e gli Incaricati del trattamento in carica sono puntualmente individuati nel Documento sulla Privacy, aggiornato con cadenza periodica.<\/li><li>TRASFERIMENTO DEI DATI ALL\u2019ESTERO: i dati raccolti non saranno oggetto di trasferimento all\u2019estero.<\/li><li>PERIODO DI CONSERVAZIONE: I dati raccolti verranno conservati per un arco di tempo non superiore al conseguimento delle finalit\u00e0 per le quali sono trattati (\u201cprincipio di limitazione della conservazione\u201d, art.5, GDPR) o in base alle scadenze previste dalle norme di legge. La verifica sulla obsolescenza dei dati conservati in relazione alle finalit\u00e0 per cui sono stati raccolti viene effettuata periodicamente.<\/li><li>DIRITTI DELL\u2019INTERESSATO: L\u2019interessato ha sempre diritto a richiedere al Titolare l\u2019accesso ai Suoi dati, la rettifica o la cancellazione degli stessi, la limitazione del trattamento o la possibilit\u00e0 di opporsi al trattamento, di richiedere la portabilit\u00e0 dei dati, di revocare il consenso al trattamento facendo valere questi e gli altri diritti previsti dal GDPR tramite semplice comunicazione al Titolare. L\u2018interessato pu\u00f2 proporre reclamo anche a un\u2019autorit\u00e0 di controllo.<\/li><li>OBBLIGATORIET\u00c0 O MENO DEL CONFERIMENTO DATI: La informiamo che il conferimento dei dati \u00e8 per alcuni campi facoltativo e per altri (segnalati da un asterisco) obbligatorio e il mancato conferimento dei dati obbligatori comporta il NON invio del form e\/o la mancata conclusione del contratto di compra\/vendita.<\/li><li>OBBLIGATORIET\u00c0 DEL CONSENSO:&nbsp;La prestazione del consenso al trattamento dati tramite apposita spunta \u00e8 facoltativa, ma indispensabile per procedere con l\u2019invio del form.<\/li><li>MODALIT\u00c0 DI TRATTAMENTO DEI DATI: I dati personali da Lei forniti, formeranno oggetto di operazioni di trattamento nel rispetto della normativa sopracitata e degli obblighi di riservatezza cui \u00e8 ispirata l\u2019attivit\u00e0 del Titolare. I dati verranno trattati sia con strumenti informatici sia su supporti cartacei sia su ogni altro tipo di supporto idoneo, nel rispetto di adeguate misure tecniche ed organizzative di sicurezza previste dal GDPR. In particolare in osservanza dei principi di integrit\u00e0 e riservatezza, ai sensi dei quali vengono adottate specifiche misure di sicurezza per prevenire la perdita dei dati, usi illeciti o non corretti e accessi non autorizzati.<\/li><li>AGGIORNAMENTI: La Privacy Policy del Sito potr\u00e0 essere soggetta a periodici aggiornamenti. Ogni variazione sostanziale verr\u00e0 pubblicata al presente indirizzo ed \u00e8 fatto carico all\u2019utente di monitorare periodicamente il presente sito internet per informarsi sulla vigenza o sulla modifica delle presenti condizioni.<\/li><\/ul>\n\n\n\n<p><\/p>","protected":false},"excerpt":{"rendered":"<p>INFORMATIVA E CONSENSO NEL FORM DEI CONTATTI Desideriamo informarLa che il \u201cRegolamento Europeo 2016\/679 relativo alla protezione delle persone fisiche con riguardo al Trattamento dei Dati Personali, nonch\u00e9 alla libera circolazione di tali dati\u201d (da ora in poi \u201cGDPR\u201d) prevede la tutela delle persone e di altri soggetti rispetto al trattamento dei dati personali. Vivai<\/p>\n<div class=\"klb-readmore\"><a href=\"https:\/\/vivaizanzi.it\/eng\/privacy-policy\/\" class=\"btn\">READ MORE<\/a><\/div>","protected":false},"author":1,"featured_media":0,"parent":0,"menu_order":0,"comment_status":"closed","ping_status":"open","template":"","meta":{"footnotes":""},"class_list":["post-573","page","type-page","status-publish","hentry","blog_entry clearfix"],"_links":{"self":[{"href":"https:\/\/vivaizanzi.it\/eng\/wp-json\/wp\/v2\/pages\/573","targetHints":{"allow":["GET"]}}],"collection":[{"href":"https:\/\/vivaizanzi.it\/eng\/wp-json\/wp\/v2\/pages"}],"about":[{"href":"https:\/\/vivaizanzi.it\/eng\/wp-json\/wp\/v2\/types\/page"}],"author":[{"embeddable":true,"href":"https:\/\/vivaizanzi.it\/eng\/wp-json\/wp\/v2\/users\/1"}],"replies":[{"embeddable":true,"href":"https:\/\/vivaizanzi.it\/eng\/wp-json\/wp\/v2\/comments?post=573"}],"version-history":[{"count":2,"href":"https:\/\/vivaizanzi.it\/eng\/wp-json\/wp\/v2\/pages\/573\/revisions"}],"predecessor-version":[{"id":3027,"href":"https:\/\/vivaizanzi.it\/eng\/wp-json\/wp\/v2\/pages\/573\/revisions\/3027"}],"wp:attachment":[{"href":"https:\/\/vivaizanzi.it\/eng\/wp-json\/wp\/v2\/media?parent=573"}],"curies":[{"name":"wp","href":"https:\/\/api.w.org\/{rel}","templated":true}]}}