{"id":1064,"date":"2019-05-13T14:35:42","date_gmt":"2019-05-13T12:35:42","guid":{"rendered":"http:\/\/vivaizanzi.it\/prodotto\/import-placeholder-for-1106\/"},"modified":"2024-08-28T16:29:56","modified_gmt":"2024-08-28T14:29:56","slug":"fermina-v3122","status":"publish","type":"product","link":"https:\/\/vivaizanzi.it\/eng\/product\/fermina-v3122\/","title":{"rendered":"FERMINA* V3122"},"content":{"rendered":"","protected":false},"excerpt":{"rendered":"<h2>Descrizione<\/h2>\n<p><strong>Epoca di maturazione:<\/strong>\u00a0+18 Burlat.<br \/>\n<strong>Origine:<\/strong>\u00a0CEP Innovation, Francia.<br \/>\n<strong>Editore:<\/strong>\u00a0CEP Innovation, Francia.<br \/>\n<strong>Albero:<\/strong>\u00a0Autosterile, vigoria medio-elevata, portamento standard-espanso,.<br \/>\n<strong>Frutto:<\/strong>\u00a0Pezzatura elevata (calibro 26-30 mm), cuoriforme, \u00a0rosso scuro, polpa consistente, croccante, sapore equilibrato, molto dolce acidulo; peduncolo di media lunghezza che si distacca facilmente (adatta alla raccolta meccanica).<br \/>\n<strong>Produttivit\u00e0\u0300 e Fruttificazione:<\/strong> Necessita di impollinatori (consigliati Fernier*, Fertille* e Satin\u00ae Sumele*), produttivit\u00e0 elevata<br \/>\n<strong>Giudizio complessivo:\u00a0<\/strong>variet\u00e0 molto produttiva, con elevato potenziale di calibro e scarsa suscettibilit\u00e0 allo spacco; il sapore \u00e8 buono.<\/p>","protected":false},"featured_media":1121,"template":"","meta":[],"class_list":["post-1064","product","type-product","status-publish","has-post-thumbnail","hentry","product_cat-ciliegio","product_tag-varieta-ciliegio","blog_entry clearfix"],"_links":{"self":[{"href":"https:\/\/vivaizanzi.it\/eng\/wp-json\/wp\/v2\/product\/1064","targetHints":{"allow":["GET"]}}],"collection":[{"href":"https:\/\/vivaizanzi.it\/eng\/wp-json\/wp\/v2\/product"}],"about":[{"href":"https:\/\/vivaizanzi.it\/eng\/wp-json\/wp\/v2\/types\/product"}],"wp:featuredmedia":[{"embeddable":true,"href":"https:\/\/vivaizanzi.it\/eng\/wp-json\/wp\/v2\/media\/1121"}],"wp:attachment":[{"href":"https:\/\/vivaizanzi.it\/eng\/wp-json\/wp\/v2\/media?parent=1064"}],"curies":[{"name":"wp","href":"https:\/\/api.w.org\/{rel}","templated":true}]}}