{"id":1107,"date":"2019-05-13T14:36:06","date_gmt":"2019-05-13T12:36:06","guid":{"rendered":"http:\/\/vivaizanzi.it\/prodotto\/import-placeholder-for-1211\/"},"modified":"2019-11-13T18:11:58","modified_gmt":"2019-11-13T17:11:58","slug":"camarosa","status":"publish","type":"product","link":"https:\/\/vivaizanzi.it\/eng\/product\/camarosa\/","title":{"rendered":"CAMAROSA"},"content":{"rendered":"","protected":false},"excerpt":{"rendered":"<p><strong>Descrizione<\/strong><\/p>\n<p><strong>Tipologia<\/strong>: FRAGOLE PER AMBIENTI\u00a0MERIDIONALI\u00a0(UNIFERE \/ BREVIDIURNE)<br \/>\n<strong>Pianta: <\/strong>di vigoria elevata, produzione\u00a0elevata e costante. Si adatta bene all\u2019utilizzo\u00a0di piante fresche.<br \/>\n<strong>Frutto<\/strong>: di grossa pezzatura ed ottima tenuta nel post raccolta, di forma conico- appiattita, di colore rosso intenso; il sapore \u00e8 buono; la polpa \u00e8 rosso intensa, consistente, mediamente aromatica. Variet\u00e0 consigliata per gli ambienti\u00a0meridionali, produce costantemente\u00a0frutti con caratteristiche idonee alle\u00a0attuali richieste del mercato.<\/p>","protected":false},"featured_media":1214,"template":"","meta":[],"class_list":["post-1107","product","type-product","status-publish","has-post-thumbnail","hentry","product_cat-fragole","product_tag-varieta-fragole","blog_entry clearfix"],"_links":{"self":[{"href":"https:\/\/vivaizanzi.it\/eng\/wp-json\/wp\/v2\/product\/1107","targetHints":{"allow":["GET"]}}],"collection":[{"href":"https:\/\/vivaizanzi.it\/eng\/wp-json\/wp\/v2\/product"}],"about":[{"href":"https:\/\/vivaizanzi.it\/eng\/wp-json\/wp\/v2\/types\/product"}],"wp:featuredmedia":[{"embeddable":true,"href":"https:\/\/vivaizanzi.it\/eng\/wp-json\/wp\/v2\/media\/1214"}],"wp:attachment":[{"href":"https:\/\/vivaizanzi.it\/eng\/wp-json\/wp\/v2\/media?parent=1107"}],"curies":[{"name":"wp","href":"https:\/\/api.w.org\/{rel}","templated":true}]}}