{"id":1130,"date":"2019-05-13T14:37:00","date_gmt":"2019-05-13T12:37:00","guid":{"rendered":"http:\/\/vivaizanzi.it\/prodotto\/import-placeholder-for-1227\/"},"modified":"2019-11-13T18:09:20","modified_gmt":"2019-11-13T17:09:20","slug":"garda","status":"publish","type":"product","link":"https:\/\/vivaizanzi.it\/eng\/product\/garda\/","title":{"rendered":"GARDA"},"content":{"rendered":"","protected":false},"excerpt":{"rendered":"<p><strong>Descrizione<br \/>\n<\/strong><\/p>\n<p><strong>Tipologia<\/strong>: NUOVE VARIET\u00e0 ITALIANE\u00a0DI FRAGOLA IN CORSO\u00a0DI SPERIMENTAZIONE\u00a0su Licenza del Consiglio per la Ricerca e la Sperimentazione\u00a0in Agricoltura &#8211; Unit\u00e0 di Ricerca\u00a0per la Frutticoltura di Forl\u00ec\u00a0(CRA-FRF)<br \/>\n<strong>Caratteristiche generali:\u00a0<\/strong>Ottenuta nell\u2019ambito del Progetto di breeding cofinanziato\u00a0da Provincia e Associazioni di produttori di Verona e\u00a0condotto da un gruppo di lavoro costituito da due\u00a0Istituzioni scientifiche (CRA-FRF e Istituto Sperimentale\u00a0Di Frutticoltura-Provincia di Verona) e dadue Organizzazioni di produttori veronesi(Aposcaligera e COZ).<br \/>\nLa pianta \u00e8 adatta agli ambienti colturali settentrionali,\u00a0presenta un\u2019epoca di maturazione precoce (leggermente\u00a0pi\u00f9 tardiva di Alba e con maggiore scalarit\u00e0 di raccolta).<br \/>\nIl miglior comportamento si ha nei terreni fertili e fumigati.\u00a0La pianta \u00e8 di medio vigore e di portamento piuttosto\u00a0espanso; \u00e8 suscettibile all\u2019antracnosi e all\u2019oidio. Il frutto \u00e8di bell\u2019aspetto, forma conica, sempre regolare, colore\u00a0rosso brillante, talvolta intenso nei periodi pi\u00f9 caldi; la\u00a0polpa \u00e8 consistente e la superficie \u00e8 molto resistentealle manipolazioni, di buona qualit\u00e0 gustativa grazie<br \/>\nall\u2019elevata dolcezza ed equilibrata acidit\u00e0. Va sottolineatala notevole facilit\u00e0 di raccolta e la possibilit\u00e0 di allungare\u00a0il periodo fra uno stacco e l\u2018altro. La diminuzione dellapezzatura nella seconda parte della raccolta, soprattutto\u00a0in concomitanza di innalzamenti termici e carichi produttivimolto elevati, pu\u00f2 rappresentare un limite di questa variet\u00e0<\/p>\n<div class=\"btn-nico vc_btn3-container vc_btn3-inline\"><a class=\"vc_general vc_btn3 vc_btn3-size-md vc_btn3-shape-rounded vc_btn3-style-modern vc_btn3-icon-left vc_btn3-color-grey\" title=\"\" href=\"http:\/\/vivaizanzi.it\/wp-content\/uploads\/2019\/11\/Poster-Garda.pdf\"><i class=\"vc_btn3-icon fa fa-file-pdf-o\"><\/i>Poster Garda<\/a><\/div>\n<div class=\"btn-nico vc_btn3-container vc_btn3-inline\"><a class=\"vc_general vc_btn3 vc_btn3-size-md vc_btn3-shape-rounded vc_btn3-style-modern vc_btn3-icon-left vc_btn3-color-grey\" title=\"\" href=\"http:\/\/vivaizanzi.it\/wp-content\/uploads\/2019\/11\/Scheda-GARDA.pdf\"><i class=\"vc_btn3-icon fa fa-file-pdf-o\"><\/i>Scheda Garda<\/a><\/div>","protected":false},"featured_media":2485,"template":"","meta":[],"class_list":["post-1130","product","type-product","status-publish","has-post-thumbnail","hentry","product_cat-fragole","product_tag-varieta-fragole","blog_entry clearfix"],"_links":{"self":[{"href":"https:\/\/vivaizanzi.it\/eng\/wp-json\/wp\/v2\/product\/1130","targetHints":{"allow":["GET"]}}],"collection":[{"href":"https:\/\/vivaizanzi.it\/eng\/wp-json\/wp\/v2\/product"}],"about":[{"href":"https:\/\/vivaizanzi.it\/eng\/wp-json\/wp\/v2\/types\/product"}],"wp:featuredmedia":[{"embeddable":true,"href":"https:\/\/vivaizanzi.it\/eng\/wp-json\/wp\/v2\/media\/2485"}],"wp:attachment":[{"href":"https:\/\/vivaizanzi.it\/eng\/wp-json\/wp\/v2\/media?parent=1130"}],"curies":[{"name":"wp","href":"https:\/\/api.w.org\/{rel}","templated":true}]}}