{"id":1397,"date":"2019-05-13T15:27:04","date_gmt":"2019-05-13T13:27:04","guid":{"rendered":"http:\/\/vivaizanzi.it\/?post_type=product&#038;p=1397"},"modified":"2024-11-15T11:42:37","modified_gmt":"2024-11-15T10:42:37","slug":"melo","status":"publish","type":"product","link":"https:\/\/vivaizanzi.it\/eng\/product\/melo\/","title":{"rendered":"MELO"},"content":{"rendered":"","protected":false},"excerpt":{"rendered":"<h4><strong>Descrizione<\/strong><\/h4>\n<p>Il melo rappresenta la pi\u00f9 importante specie frutticola italiana in termini di produzione. Con 22-23 milioni di quintali annui <strong>\u00e8 il secondo Paese europeo dopo la Polonia<\/strong>( si alterna alla Polonia come primo paese europeo,) con una produzione stabile o in leggero aumento, al contrario della Polonia che, a causa dei ricorrenti danni da freddo, ha una produzione molto altalenante.<br \/>\nLa melicoltura mondiale si \u00e8 fortemente standardizzata per quanto riguarda i portainnesti (M 9 e M 9 simili) e le forme di allevamento (fusetto o \u201cspindle\u201d e sue varianti, a fila singola).<br \/>\nSi assiste invece ad una accelerazione del rinnovo varietale, in buona parte ancora basato su cloni pi\u00f9 colorati di rosso di cultivar tradizionali come Red Delicious, Gala, Fuji, Braeburn, ecc., ma anche su un numero crescente di nuove costituzioni spesso prodotte e commercializzate con la formula \u201cClub\u201d per tenere sotto controllo sia la superficie coltivata che la qualit\u00e0 del prodotto commercializzato per il consumo fresco.<br \/>\nDelle due variet\u00e0 storiche, Golden Delicious mantiene la sua posizione di prima variet\u00e0 coltivata in Italia, mentre il gruppo Red Delicious ha ceduto molte posizioni e ci\u00f2 si osserva anche negli Stati Uniti dove la Red Delicious \u00e8 stata, per oltre un secolo, la mela per antonomasia.<br \/>\nLe cultivar resistenti alla ticchiolatura, complessivamente, non sono ancora competitive con le cultivar tradizionali, ma il numero di variet\u00e0 valide anche sul piano qualitativo e della serbevolezza continua a crescere.<br \/>\nQueste variet\u00e0, comunque, si prestano meglio delle tradizionali, ad essere coltivate in biologico<\/p>\n<div class=\"btn-nico vc_btn3-container vc_btn3-inline\"><a class=\"vc_general vc_btn3 vc_btn3-size-md vc_btn3-shape-rounded vc_btn3-style-modern vc_btn3-color-grey\" title=\"\" href=\"http:\/\/vivaizanzi.it\/eng\/product-category\/melo\/\">SCOPRI TUTTE LE VARIET\u00c1<\/a><\/div>\n<div class=\"btn-nico vc_btn3-container vc_btn3-inline\"><a class=\"vc_general vc_btn3 vc_btn3-size-md vc_btn3-shape-rounded vc_btn3-style-modern vc_btn3-color-grey\" title=\"\" href=\"http:\/\/vivaizanzi.it\/wp-content\/uploads\/2024\/11\/Calendario-melo.pdf\">CALENDARIO MATURAZIONE<\/a><\/div>","protected":false},"featured_media":3772,"template":"","meta":[],"class_list":["post-1397","product","type-product","status-publish","has-post-thumbnail","hentry","product_cat-melo","product_tag-non-hobbysti","blog_entry clearfix"],"_links":{"self":[{"href":"https:\/\/vivaizanzi.it\/eng\/wp-json\/wp\/v2\/product\/1397","targetHints":{"allow":["GET"]}}],"collection":[{"href":"https:\/\/vivaizanzi.it\/eng\/wp-json\/wp\/v2\/product"}],"about":[{"href":"https:\/\/vivaizanzi.it\/eng\/wp-json\/wp\/v2\/types\/product"}],"wp:featuredmedia":[{"embeddable":true,"href":"https:\/\/vivaizanzi.it\/eng\/wp-json\/wp\/v2\/media\/3772"}],"wp:attachment":[{"href":"https:\/\/vivaizanzi.it\/eng\/wp-json\/wp\/v2\/media?parent=1397"}],"curies":[{"name":"wp","href":"https:\/\/api.w.org\/{rel}","templated":true}]}}