{"id":1711,"date":"2019-05-18T13:07:39","date_gmt":"2019-05-18T11:07:39","guid":{"rendered":"http:\/\/vivaizanzi.it\/?post_type=product&#038;p=1711"},"modified":"2024-12-11T09:41:39","modified_gmt":"2024-12-11T08:41:39","slug":"abate-fetel","status":"publish","type":"product","link":"https:\/\/vivaizanzi.it\/eng\/product\/abate-fetel\/","title":{"rendered":"ABATE F\u00c9T\u00c8L"},"content":{"rendered":"","protected":false},"excerpt":{"rendered":"<h2>Descrizione<\/h2>\n<p><b>Origine<\/b><span style=\"font-weight: 400;\">: Francia, da genealogia non nota. Diffusa nel 1876.<\/span><\/p>\n<p><b>Epoca di maturazione:<\/b><span style=\"font-weight: 400;\">\u00a0\u00a0+26 William.<\/span><\/p>\n<p><b>Albero<\/b><span style=\"font-weight: 400;\">: Vigoria media, mediamente affine al cotogno, si avvale di intermedio; produttivit\u00e0 elevata e costante se potata in maniera opportuna.<\/span><\/p>\n<p><b>Frutto<\/b><span style=\"font-weight: 400;\">: Pezzatura grossa, calebassiforme; buccia sottile di colore verde giallastro con zone rugginose; polpa bianca, succosa, fondente, zuccherina, di buon sapore.<\/span><\/p>\n<p><b>Giudizio complessivo:\u00a0<\/b><span style=\"font-weight: 400;\">E\u2019 la cultivar pi\u00f9 diffusa in Italia apprezzata sui mercati di esportazione per pezzatura, qualit\u00e0 organolettiche e conservabilit\u00e0. Impollinatori: Carmen,\u00a0 <\/span><span style=\"font-weight: 400;\">William, Santa Maria e Conference<\/span><span style=\"font-weight: 400;\">.<\/span><\/p>","protected":false},"featured_media":3843,"template":"","meta":[],"class_list":["post-1711","product","type-product","status-publish","has-post-thumbnail","hentry","product_cat-pero","product_tag-varieta-pero","blog_entry clearfix"],"_links":{"self":[{"href":"https:\/\/vivaizanzi.it\/eng\/wp-json\/wp\/v2\/product\/1711","targetHints":{"allow":["GET"]}}],"collection":[{"href":"https:\/\/vivaizanzi.it\/eng\/wp-json\/wp\/v2\/product"}],"about":[{"href":"https:\/\/vivaizanzi.it\/eng\/wp-json\/wp\/v2\/types\/product"}],"wp:featuredmedia":[{"embeddable":true,"href":"https:\/\/vivaizanzi.it\/eng\/wp-json\/wp\/v2\/media\/3843"}],"wp:attachment":[{"href":"https:\/\/vivaizanzi.it\/eng\/wp-json\/wp\/v2\/media?parent=1711"}],"curies":[{"name":"wp","href":"https:\/\/api.w.org\/{rel}","templated":true}]}}