{"id":1744,"date":"2019-05-18T18:47:54","date_gmt":"2019-05-18T16:47:54","guid":{"rendered":"http:\/\/vivaizanzi.it\/?post_type=product&#038;p=1744"},"modified":"2024-08-22T14:03:54","modified_gmt":"2024-08-22T12:03:54","slug":"coscia","status":"publish","type":"product","link":"https:\/\/vivaizanzi.it\/eng\/product\/coscia\/","title":{"rendered":"COSCIA"},"content":{"rendered":"","protected":false},"excerpt":{"rendered":"<h2>Descrizione<\/h2>\n<p><b>Origine<\/b><span style=\"font-weight: 400;\">: Italia centrale , da genealogia\u00a0non nota. Diffusa nel 1800.<\/span><\/p>\n<p><b>Epoca di maturazione:\u00a0 <\/b><span style=\"font-weight: 400;\">-21 William.<\/span><\/p>\n<p><b>Albero<\/b><span style=\"font-weight: 400;\">: Vigoria elevata e buona affinit\u00e0 con il cotogno; suscettibilit\u00e0 a ticchiolatura, di media precocit\u00e0 nella messa a frutto ma con produttivit\u00e0 elevata e costante.<\/span><\/p>\n<p><b>Frutto<\/b><span style=\"font-weight: 400;\">: Pezzatura media, piriforme allungata; buccia con colore di fondo giallo intenso e lievemente arrossata al sole, rugginosit\u00e0 assente; polpa bianca fine, succosa, di ottimo sapore.<\/span><\/p>\n<p><b>Giudizio complessivo:\u00a0<\/b><span style=\"font-weight: 400;\">Interessante per produttivit\u00e0, caratteristiche organolettiche ed eccellente serbevolezza, adatta per gli ambienti di coltivazione meridionali. Sinonimi: Coscia di Firenze, S.\u00a0Cristoforo, Ercolini. Impollinatori: Carmen, S.Maria, William.<\/span><\/p>","protected":false},"featured_media":3699,"template":"","meta":[],"class_list":["post-1744","product","type-product","status-publish","has-post-thumbnail","hentry","product_cat-pero","product_tag-varieta-pero","blog_entry clearfix"],"_links":{"self":[{"href":"https:\/\/vivaizanzi.it\/eng\/wp-json\/wp\/v2\/product\/1744","targetHints":{"allow":["GET"]}}],"collection":[{"href":"https:\/\/vivaizanzi.it\/eng\/wp-json\/wp\/v2\/product"}],"about":[{"href":"https:\/\/vivaizanzi.it\/eng\/wp-json\/wp\/v2\/types\/product"}],"wp:featuredmedia":[{"embeddable":true,"href":"https:\/\/vivaizanzi.it\/eng\/wp-json\/wp\/v2\/media\/3699"}],"wp:attachment":[{"href":"https:\/\/vivaizanzi.it\/eng\/wp-json\/wp\/v2\/media?parent=1744"}],"curies":[{"name":"wp","href":"https:\/\/api.w.org\/{rel}","templated":true}]}}