{"id":1754,"date":"2019-05-18T19:07:13","date_gmt":"2019-05-18T17:07:13","guid":{"rendered":"http:\/\/vivaizanzi.it\/?post_type=product&#038;p=1754"},"modified":"2024-08-22T14:00:12","modified_gmt":"2024-08-22T12:00:12","slug":"turandot","status":"publish","type":"product","link":"https:\/\/vivaizanzi.it\/eng\/product\/turandot\/","title":{"rendered":"TURANDOT*"},"content":{"rendered":"","protected":false},"excerpt":{"rendered":"<h2>Descrizione<\/h2>\n<p><b>Origine<\/b><span style=\"font-weight: 400;\">: Lorenzo Rivalta, Istituto\u00a0Sperimentale per la Frutticoltura,\u00a0sezione di Forl\u00ec.\u00a0Incrocio Dr Guyot x Bella di Giugno. Diffusa nel 2000.<\/span><\/p>\n<p><b>Editore<\/b><span style=\"font-weight: 400;\">: <\/span><span style=\"font-weight: 400;\">CREA<\/span><span style=\"font-weight: 400;\">, Italia.<\/span><\/p>\n<p><b>Epoca di maturazione:<\/b><span style=\"font-weight: 400;\">\u00a0 -30 William.<\/span><\/p>\n<p><b>Albero<\/b><span style=\"font-weight: 400;\">: Vigoria intermedia e buona affinit\u00e0\u00a0con il cotogno; produttivit\u00e0 elevata\u00a0e costante.<\/span><\/p>\n<p><b>Frutto<\/b><span style=\"font-weight: 400;\">: Pezzatura media, piriforme allungata; buccia con colore di fondo giallo \u2013 verde, sovra colore rosso brillante sul 10% della superficie; polpa medio fine, succosa e leggermente aromatica.<\/span><\/p>\n<p><b>Giudizio complessivo:\u00a0<\/b><span style=\"font-weight: 400;\">Interessante per epoca di maturazione e produttivit\u00e0; resistente alle manipolazioni e di buona conservabilit\u00e0. Buona adattabilit\u00e0 anche al Nord. Impollinatori: Carmen, S. Maria e Spadona.<\/span><\/p>","protected":false},"featured_media":3696,"template":"","meta":[],"class_list":["post-1754","product","type-product","status-publish","has-post-thumbnail","hentry","product_cat-pero","product_tag-varieta-pero","blog_entry clearfix"],"_links":{"self":[{"href":"https:\/\/vivaizanzi.it\/eng\/wp-json\/wp\/v2\/product\/1754","targetHints":{"allow":["GET"]}}],"collection":[{"href":"https:\/\/vivaizanzi.it\/eng\/wp-json\/wp\/v2\/product"}],"about":[{"href":"https:\/\/vivaizanzi.it\/eng\/wp-json\/wp\/v2\/types\/product"}],"wp:featuredmedia":[{"embeddable":true,"href":"https:\/\/vivaizanzi.it\/eng\/wp-json\/wp\/v2\/media\/3696"}],"wp:attachment":[{"href":"https:\/\/vivaizanzi.it\/eng\/wp-json\/wp\/v2\/media?parent=1754"}],"curies":[{"name":"wp","href":"https:\/\/api.w.org\/{rel}","templated":true}]}}