{"id":2340,"date":"2019-05-27T12:34:37","date_gmt":"2019-05-27T10:34:37","guid":{"rendered":"http:\/\/vivaizanzi.it\/?post_type=product&#038;p=2340"},"modified":"2024-08-02T14:27:27","modified_gmt":"2024-08-02T12:27:27","slug":"coltivazione-melo-per-hobbysti","status":"publish","type":"product","link":"https:\/\/vivaizanzi.it\/eng\/product\/coltivazione-melo-per-hobbysti\/","title":{"rendered":"MELO"},"content":{"rendered":"<p><\/p>","protected":false},"excerpt":{"rendered":"<h4><strong>Descrizione<\/strong><\/h4>\n<p>Il melo rappresenta la pi\u00f9 importante specie frutticola italiana in termini di produzione. Con 22-23 milioni di quintali annui si alterna alla Polonia come primo paese europeo, con una produzione stabile o in leggero aumento, al contrario della Polonia che, a causa dei ricorrenti danni da freddo, ha una\u00a0produzione molto altalenante.<\/p>\n<p>La melicoltura mondiale si \u00e8 fortemente standardizzata per quanto riguarda i portainnesti (M 9 e M 9 simili) e le forme di allevamento (fusetto o \u201cspindle\u201d e sue varianti, a fila singola).<\/p>\n<p>Si assiste invece ad una accelerazione del rinnovo varietale, in buona parte ancora basato su cloni pi\u00f9 colorati di rosso di cultivar tradizionali come Red Delicious, Gala, Fuji, Braeburn, ecc., ma anche su un numero crescente di nuove costituzioni spesso prodotte e commercializzate con la formula \u201cClub\u201d per tenere sotto controllo sia la superficie coltivata che la qualit\u00e0 del prodotto commercializzato per il consumo fresco.<\/p>\n<p>Delle due variet\u00e0 storiche, Golden Delicious mantiene la sua posizione di prima variet\u00e0 coltivata in Italia, mentre il gruppo Red Delicious ha ceduto molte posizioni e ci\u00f2 si osserva anche negli Stati Uniti dove la Red Delicious \u00e8 stata, per oltre un secolo, la mela per antonomasia.<\/p>\n<p>Le cultivar resistenti alla ticchiolatura, complessivamente, non sono ancora competitive con le cultivar tradizionali, ma il numero di variet\u00e0 valide anche sul piano qualitativo e della serbevolezza continua a crescere.<\/p>\n<p>Queste variet\u00e0, comunque, si prestano meglio delle tradizionali, ad essere coltivate in biologico.<\/p>","protected":false},"featured_media":1008,"template":"","meta":[],"class_list":["post-2340","product","type-product","status-publish","has-post-thumbnail","hentry","product_cat-melo","product_tag-coltivazione-per-hobbysti","blog_entry clearfix"],"_links":{"self":[{"href":"https:\/\/vivaizanzi.it\/eng\/wp-json\/wp\/v2\/product\/2340","targetHints":{"allow":["GET"]}}],"collection":[{"href":"https:\/\/vivaizanzi.it\/eng\/wp-json\/wp\/v2\/product"}],"about":[{"href":"https:\/\/vivaizanzi.it\/eng\/wp-json\/wp\/v2\/types\/product"}],"wp:featuredmedia":[{"embeddable":true,"href":"https:\/\/vivaizanzi.it\/eng\/wp-json\/wp\/v2\/media\/1008"}],"wp:attachment":[{"href":"https:\/\/vivaizanzi.it\/eng\/wp-json\/wp\/v2\/media?parent=2340"}],"curies":[{"name":"wp","href":"https:\/\/api.w.org\/{rel}","templated":true}]}}