{"id":2370,"date":"2019-11-12T16:20:35","date_gmt":"2019-11-12T15:20:35","guid":{"rendered":"http:\/\/vivaizanzi.it\/?post_type=product&#038;p=2370"},"modified":"2024-08-22T11:58:16","modified_gmt":"2024-08-22T09:58:16","slug":"114-95pr","status":"publish","type":"product","link":"https:\/\/vivaizanzi.it\/eng\/product\/114-95pr\/","title":{"rendered":"SUPERCRIMSON\u00ae"},"content":{"rendered":"","protected":false},"excerpt":{"rendered":"<h2>Descrizione<\/h2>\n<p><b>Origine:<\/b><span style=\"font-weight: 400;\">\u00a0Zaiger Genetics USA.<\/span><span style=\"font-weight: 400;\"><br \/>\n<\/span><b>Editore:<\/b><span style=\"font-weight: 400;\">\u00a0IPS Francia.<\/span><\/p>\n<p><b>Epoca di maturazione:<\/b><span style=\"font-weight: 400;\">\u00a0+5 Angeleno.<\/span><span style=\"font-weight: 400;\"><br \/>\n<\/span><b>Albero:<\/b><span style=\"font-weight: 400;\">\u00a0Di elevato vigore, semi <\/span><span style=\"font-weight: 400;\">eretto, molto produttivo e messa a frutto rapida. Impollinatore Mirabolano rosso.<\/span><span style=\"font-weight: 400;\"><br \/>\n<\/span><b>Frutto:<\/b><span style=\"font-weight: 400;\">\u00a0Rotondo con colorazione viola molto intenso, polpa rosso sangue, molto succoso e zuccherino, nocciolo semi spicco. Calibro 60mm e oltre, molto consistente con lunga tenuta sull\u2019albero.<\/span><span style=\"font-weight: 400;\"><br \/>\n<\/span><span style=\"font-weight: 400;\">\u00a0<\/span><b>Giudizio d\u2019insieme:<\/b><span style=\"font-weight: 400;\">\u00a0Variet\u00e0 molto interessante per il colore rosso intenso della polpa e l\u2019altissima succosit\u00e0 che ne esalta le qualit\u00e0 gustative in generale. Acidit\u00e0 e Brix alti: 14\/16 equilibrati.<\/span><\/p>","protected":false},"featured_media":3669,"template":"","meta":[],"class_list":["post-2370","product","type-product","status-publish","has-post-thumbnail","hentry","product_cat-susino","product_cat-cino-giapponesi","product_tag-varieta-susino","blog_entry clearfix"],"_links":{"self":[{"href":"https:\/\/vivaizanzi.it\/eng\/wp-json\/wp\/v2\/product\/2370","targetHints":{"allow":["GET"]}}],"collection":[{"href":"https:\/\/vivaizanzi.it\/eng\/wp-json\/wp\/v2\/product"}],"about":[{"href":"https:\/\/vivaizanzi.it\/eng\/wp-json\/wp\/v2\/types\/product"}],"wp:featuredmedia":[{"embeddable":true,"href":"https:\/\/vivaizanzi.it\/eng\/wp-json\/wp\/v2\/media\/3669"}],"wp:attachment":[{"href":"https:\/\/vivaizanzi.it\/eng\/wp-json\/wp\/v2\/media?parent=2370"}],"curies":[{"name":"wp","href":"https:\/\/api.w.org\/{rel}","templated":true}]}}