{"id":3095,"date":"2020-11-02T11:10:07","date_gmt":"2020-11-02T10:10:07","guid":{"rendered":"http:\/\/vivaizanzi.it\/?post_type=product&#038;p=3095"},"modified":"2024-08-07T16:16:57","modified_gmt":"2024-08-07T14:16:57","slug":"flopria-cov","status":"publish","type":"product","link":"https:\/\/vivaizanzi.it\/eng\/product\/flopria-cov\/","title":{"rendered":"FLOPRIA-cov"},"content":{"rendered":"","protected":false},"excerpt":{"rendered":"<p><strong>Origine<\/strong>: PSB (Spagna), privativa CEE 2004\/2505.<\/p>\n<p><strong>Editore<\/strong>: PSB (Spagna).<\/p>\n<p><strong>Epoca di maturazione: <\/strong>\u00a0-10 Orange Rubis, 5\/6 in Emilia Romagna.<\/p>\n<p><strong>Albero:<\/strong> Vigoroso, a portamento semi-eretto, produttivo.<\/p>\n<p><strong>Frutto<\/strong>: Di forma rotonda-ovoidale, colore di fondo arancio e sovraccolore rosso.<\/p>\n<p><strong>Giudizio complessivo:<\/strong> Variet\u00e0 molto adatta ai climi meridionali dove meglio esalta le proprie caratteristiche di bont\u00e0 e produttivit\u00e0.<br \/>\n<a class=\"cld-m\" href=\"http:\/\/vivaizanzi.it\/wp-content\/uploads\/2024\/08\/Calendario-albicocche-sito-con-link.pdf\">Scarica il calendario di maturazione<\/a><\/p>","protected":false},"featured_media":3492,"template":"","meta":[],"class_list":["post-3095","product","type-product","status-publish","has-post-thumbnail","hentry","product_cat-albicocco","product_tag-varieta-albicocco","blog_entry clearfix"],"_links":{"self":[{"href":"https:\/\/vivaizanzi.it\/eng\/wp-json\/wp\/v2\/product\/3095","targetHints":{"allow":["GET"]}}],"collection":[{"href":"https:\/\/vivaizanzi.it\/eng\/wp-json\/wp\/v2\/product"}],"about":[{"href":"https:\/\/vivaizanzi.it\/eng\/wp-json\/wp\/v2\/types\/product"}],"wp:featuredmedia":[{"embeddable":true,"href":"https:\/\/vivaizanzi.it\/eng\/wp-json\/wp\/v2\/media\/3492"}],"wp:attachment":[{"href":"https:\/\/vivaizanzi.it\/eng\/wp-json\/wp\/v2\/media?parent=3095"}],"curies":[{"name":"wp","href":"https:\/\/api.w.org\/{rel}","templated":true}]}}