{"id":3149,"date":"2020-11-02T21:08:48","date_gmt":"2020-11-02T20:08:48","guid":{"rendered":"http:\/\/vivaizanzi.it\/?post_type=product&#038;p=3149"},"modified":"2020-11-02T21:08:48","modified_gmt":"2020-11-02T20:08:48","slug":"cal-fuyu-cfna","status":"publish","type":"product","link":"https:\/\/vivaizanzi.it\/eng\/product\/cal-fuyu-cfna\/","title":{"rendered":"CAL-FUYU (CFNA)"},"content":{"rendered":"","protected":false},"excerpt":{"rendered":"<p><strong>Epoca di maturazione<\/strong>: intermedia. Fioritura: I\u00b0 decade di Giugno. Raccolta: I\u00b0 decade di Ottobre \u2013 II\u00b0 decade di Novembre<\/p>\n<p><strong>Albero<\/strong>: vigoria media, portamento aperto<\/p>\n<p><strong>Frutto:<\/strong> frutti di dimensioni grosse con forma rotonda o leggermente appiattita. La buccia e\u2019 facilmente asportabile, di colore giallo \u2013 arancio alla raccolta e arancio intenso alla maturazione fisiologica. La polpa \u00e8 compatta, chiara (colore giallo-arancio alla raccolta ed arancio pi\u00f9 intenso vicino alle logge ovariche alla maturazione commerciale). Il sapore \u00e8 buono, con contenuto di zuccheri medio<\/p>\n<p>&nbsp;<\/p>\n<p>&nbsp;<\/p>","protected":false},"featured_media":3150,"template":"","meta":[],"class_list":["post-3149","product","type-product","status-publish","has-post-thumbnail","hentry","product_cat-kaki","blog_entry clearfix"],"_links":{"self":[{"href":"https:\/\/vivaizanzi.it\/eng\/wp-json\/wp\/v2\/product\/3149","targetHints":{"allow":["GET"]}}],"collection":[{"href":"https:\/\/vivaizanzi.it\/eng\/wp-json\/wp\/v2\/product"}],"about":[{"href":"https:\/\/vivaizanzi.it\/eng\/wp-json\/wp\/v2\/types\/product"}],"wp:featuredmedia":[{"embeddable":true,"href":"https:\/\/vivaizanzi.it\/eng\/wp-json\/wp\/v2\/media\/3150"}],"wp:attachment":[{"href":"https:\/\/vivaizanzi.it\/eng\/wp-json\/wp\/v2\/media?parent=3149"}],"curies":[{"name":"wp","href":"https:\/\/api.w.org\/{rel}","templated":true}]}}