{"id":3182,"date":"2020-11-03T10:18:10","date_gmt":"2020-11-03T09:18:10","guid":{"rendered":"http:\/\/vivaizanzi.it\/?post_type=product&#038;p=3182"},"modified":"2024-09-17T10:06:43","modified_gmt":"2024-09-17T08:06:43","slug":"pinova","status":"publish","type":"product","link":"https:\/\/vivaizanzi.it\/eng\/product\/pinova\/","title":{"rendered":"PINOVA"},"content":{"rendered":"","protected":false},"excerpt":{"rendered":"<p><strong>Epoca di maturazione:<\/strong>\u00a0Fine settembre, un po\u2019 prima di Golden Delicious<\/p>\n<p><strong>Origine:<\/strong>\u00a0Incrocio tra Clivia e Golden Delicious, Germania, 1986.<\/p>\n<p><strong>Caratteristiche generali<\/strong>: Vigore medio-basso, fioritura medio-precoce\/tardiva ( ottima variet\u00e0 impollinatrice), scarsa suscettibilit\u00e0 alla ticchiolatura, alle gelate precoci e al freddo invernale. La produzione \u00e8 molto alta e costante.\u00a0 Frutto medio-grosso , tronco-conico, allungato, attraente, simmetrico, bicolore: rosso luminoso prevalentemente sfumato, molto esteso su fondo giallo a maturazione di consumo,\u00a0 polpa \u00a0croccante, succosa, ma nello stesso tempo di fine tessitura. L\u2019acidit\u00e0 \u00e8 elevata alla raccolta che \u00e8 scalare ( sono necessari tre stacchi); al consumo si raggiunge un equilibrio dolce-acidulo con marcata componente aromatica. Buona risulta l\u2019attitudine alla conservazione e la shelf life.<\/p>","protected":false},"featured_media":3807,"template":"","meta":[],"class_list":["post-3182","product","type-product","status-publish","has-post-thumbnail","hentry","product_cat-melo","product_tag-varieta-melo","blog_entry clearfix"],"_links":{"self":[{"href":"https:\/\/vivaizanzi.it\/eng\/wp-json\/wp\/v2\/product\/3182","targetHints":{"allow":["GET"]}}],"collection":[{"href":"https:\/\/vivaizanzi.it\/eng\/wp-json\/wp\/v2\/product"}],"about":[{"href":"https:\/\/vivaizanzi.it\/eng\/wp-json\/wp\/v2\/types\/product"}],"wp:featuredmedia":[{"embeddable":true,"href":"https:\/\/vivaizanzi.it\/eng\/wp-json\/wp\/v2\/media\/3807"}],"wp:attachment":[{"href":"https:\/\/vivaizanzi.it\/eng\/wp-json\/wp\/v2\/media?parent=3182"}],"curies":[{"name":"wp","href":"https:\/\/api.w.org\/{rel}","templated":true}]}}