{"id":3257,"date":"2020-11-04T10:44:14","date_gmt":"2020-11-04T09:44:14","guid":{"rendered":"http:\/\/vivaizanzi.it\/?post_type=product&#038;p=3257"},"modified":"2020-11-04T10:47:39","modified_gmt":"2020-11-04T09:47:39","slug":"wonderful","status":"publish","type":"product","link":"https:\/\/vivaizanzi.it\/eng\/product\/wonderful\/","title":{"rendered":"WONDERFUL"},"content":{"rendered":"","protected":false},"excerpt":{"rendered":"<p><strong>Epoca di maturazione:<\/strong> raccolta: I\u00b0 decade di ottobre<\/p>\n<p><b>Editore: <\/b>libera da vincoli<\/p>\n<p><strong>Albero:<\/strong> vigoria elevata, autofertile<\/p>\n<p><strong>Frutto<\/strong>: frutti di grande pezzatura ed eccezionali propriet\u00e0 organolettiche. Il frutto \u00e8 di forma tondeggiante, con corona allungata, si distingue dalle altre variet\u00e0 di melograno per la buccia dalla colorazione uniforme e rosso intenso. La scorza si presenta di medio spessore, i grani (arilli), che avvolgono esternamente i semi e sono la parte edibile del melograno, sono di colore rosso e piacevoli al gusto per il sapore agrodolce. I semi sono di consistenza media. Frutti molto ricchi in succo<\/p>\n<p><strong>Produttivit\u00e0 elevata:<\/strong> produttivit\u00e0 elevata e costante<\/p>\n<p>&nbsp;<\/p>\n<p>&nbsp;<\/p>","protected":false},"featured_media":3258,"template":"","meta":[],"class_list":["post-3257","product","type-product","status-publish","has-post-thumbnail","hentry","product_cat-melograno","blog_entry clearfix"],"_links":{"self":[{"href":"https:\/\/vivaizanzi.it\/eng\/wp-json\/wp\/v2\/product\/3257","targetHints":{"allow":["GET"]}}],"collection":[{"href":"https:\/\/vivaizanzi.it\/eng\/wp-json\/wp\/v2\/product"}],"about":[{"href":"https:\/\/vivaizanzi.it\/eng\/wp-json\/wp\/v2\/types\/product"}],"wp:featuredmedia":[{"embeddable":true,"href":"https:\/\/vivaizanzi.it\/eng\/wp-json\/wp\/v2\/media\/3258"}],"wp:attachment":[{"href":"https:\/\/vivaizanzi.it\/eng\/wp-json\/wp\/v2\/media?parent=3257"}],"curies":[{"name":"wp","href":"https:\/\/api.w.org\/{rel}","templated":true}]}}