{"id":3260,"date":"2020-11-04T10:56:44","date_gmt":"2020-11-04T09:56:44","guid":{"rendered":"http:\/\/vivaizanzi.it\/?post_type=product&#038;p=3260"},"modified":"2020-11-04T10:56:44","modified_gmt":"2020-11-04T09:56:44","slug":"barcellona","status":"publish","type":"product","link":"https:\/\/vivaizanzi.it\/eng\/product\/barcellona\/","title":{"rendered":"BARCELLONA"},"content":{"rendered":"","protected":false},"excerpt":{"rendered":"<p><strong>Tipologia:<\/strong> Fertille De Coutard<\/p>\n<p><strong>Epoca di maturazione:<\/strong> medio-tardiva<\/p>\n<p><strong>Origine:<\/strong> USA<\/p>\n<p><strong>Albero:<\/strong> buona vigoria, portamento intermedio<\/p>\n<p><strong>Frutto:<\/strong> frutto di tipo sferoidale, grosso, subsferico, con involucro pi\u00f9 lungo rispetto alla nucula, guscio spesso, di colore marrone scuro e con pubescenza all&#8217;apice. Il seme \u00e8 medio, con media presenza di fibre e medio o scarsa staccabilit\u00e0 del perisperma alla torrefazione<\/p>\n<p><strong>Produttivit\u00e0 e fruttificazione:<\/strong> produttivit\u00e0 buona<\/p>\n<p><strong>Giudizio complessivo:<\/strong> Adatta al consumo fresco e da tavola e sensibile alla batteriosi<\/p>\n<p>&nbsp;<\/p>","protected":false},"featured_media":3261,"template":"","meta":[],"class_list":["post-3260","product","type-product","status-publish","has-post-thumbnail","hentry","product_cat-nocciolo","blog_entry clearfix"],"_links":{"self":[{"href":"https:\/\/vivaizanzi.it\/eng\/wp-json\/wp\/v2\/product\/3260","targetHints":{"allow":["GET"]}}],"collection":[{"href":"https:\/\/vivaizanzi.it\/eng\/wp-json\/wp\/v2\/product"}],"about":[{"href":"https:\/\/vivaizanzi.it\/eng\/wp-json\/wp\/v2\/types\/product"}],"wp:featuredmedia":[{"embeddable":true,"href":"https:\/\/vivaizanzi.it\/eng\/wp-json\/wp\/v2\/media\/3261"}],"wp:attachment":[{"href":"https:\/\/vivaizanzi.it\/eng\/wp-json\/wp\/v2\/media?parent=3260"}],"curies":[{"name":"wp","href":"https:\/\/api.w.org\/{rel}","templated":true}]}}