{"id":3264,"date":"2020-11-04T11:00:05","date_gmt":"2020-11-04T10:00:05","guid":{"rendered":"http:\/\/vivaizanzi.it\/?post_type=product&#038;p=3264"},"modified":"2020-11-04T11:08:36","modified_gmt":"2020-11-04T10:08:36","slug":"carabel","status":"publish","type":"product","link":"https:\/\/vivaizanzi.it\/eng\/product\/carabel\/","title":{"rendered":"CARABEL"},"content":{"rendered":"","protected":false},"excerpt":{"rendered":"<p><strong>Epoca di maturazione:<\/strong> tardiva<\/p>\n<p><strong>Frutto:<\/strong> frutti di elevata qualit\u00e0. Cadono insieme con l&#8217;involucro, ma si staccano da questo durante le operazioni di raccolta meccanica<\/p>\n<p><strong>Produttivit\u00e0 e fruttificazione:<\/strong> produttivit\u00e0 elevata<\/p>\n<p><strong>Giudizio complessivo:<\/strong> ottima variet\u00e0 da tavola per la sua elevata produttivit\u00e0 , elevata qualit\u00e0 dei frutti e delle nocciole<\/p>\n<p>&nbsp;<\/p>","protected":false},"featured_media":3265,"template":"","meta":[],"class_list":["post-3264","product","type-product","status-publish","has-post-thumbnail","hentry","product_cat-nocciolo","blog_entry clearfix"],"_links":{"self":[{"href":"https:\/\/vivaizanzi.it\/eng\/wp-json\/wp\/v2\/product\/3264","targetHints":{"allow":["GET"]}}],"collection":[{"href":"https:\/\/vivaizanzi.it\/eng\/wp-json\/wp\/v2\/product"}],"about":[{"href":"https:\/\/vivaizanzi.it\/eng\/wp-json\/wp\/v2\/types\/product"}],"wp:featuredmedia":[{"embeddable":true,"href":"https:\/\/vivaizanzi.it\/eng\/wp-json\/wp\/v2\/media\/3265"}],"wp:attachment":[{"href":"https:\/\/vivaizanzi.it\/eng\/wp-json\/wp\/v2\/media?parent=3264"}],"curies":[{"name":"wp","href":"https:\/\/api.w.org\/{rel}","templated":true}]}}