{"id":3268,"date":"2020-11-04T11:08:48","date_gmt":"2020-11-04T10:08:48","guid":{"rendered":"http:\/\/vivaizanzi.it\/?post_type=product&#038;p=3268"},"modified":"2020-11-04T11:12:47","modified_gmt":"2020-11-04T10:12:47","slug":"fertile-de-coutard","status":"publish","type":"product","link":"https:\/\/vivaizanzi.it\/eng\/product\/fertile-de-coutard\/","title":{"rendered":"FERTILE DE COUTARD"},"content":{"rendered":"","protected":false},"excerpt":{"rendered":"<p><strong>Tipologia:<\/strong> Corylus avellana<\/p>\n<p><strong>Epoca di maturazione:<\/strong> medio tardiva, a met\u00e0 Settembre<\/p>\n<p><strong>Origine:<\/strong> Europa e Turchia<\/p>\n<p><strong>Albero:<\/strong> vigoria elevata. Arbusto eretto o arboreo con foglie ampiamente cordate, ad apice arrotondato, dentate, verde medio<\/p>\n<p><strong>Frutto:<\/strong> pezzatura grossa, di forma tondeggiante subsferica, marrone scuro, pubescenti, profumate, adatte al consumo fresco<\/p>\n<p><strong>Produttivit\u00e0 e fruttificazione:<\/strong> produttivit\u00e0 buona<\/p>\n<p><strong>Giudizio complessivo:<\/strong> ottima variet\u00e0 da tavola per la sua elevata produttivit\u00e0 , elevata qualit\u00e0 dei frutti e delle nocciole<\/p>\n<p>&nbsp;<\/p>","protected":false},"featured_media":3269,"template":"","meta":[],"class_list":["post-3268","product","type-product","status-publish","has-post-thumbnail","hentry","product_cat-nocciolo","blog_entry clearfix"],"_links":{"self":[{"href":"https:\/\/vivaizanzi.it\/eng\/wp-json\/wp\/v2\/product\/3268","targetHints":{"allow":["GET"]}}],"collection":[{"href":"https:\/\/vivaizanzi.it\/eng\/wp-json\/wp\/v2\/product"}],"about":[{"href":"https:\/\/vivaizanzi.it\/eng\/wp-json\/wp\/v2\/types\/product"}],"wp:featuredmedia":[{"embeddable":true,"href":"https:\/\/vivaizanzi.it\/eng\/wp-json\/wp\/v2\/media\/3269"}],"wp:attachment":[{"href":"https:\/\/vivaizanzi.it\/eng\/wp-json\/wp\/v2\/media?parent=3268"}],"curies":[{"name":"wp","href":"https:\/\/api.w.org\/{rel}","templated":true}]}}