{"id":3276,"date":"2020-11-04T14:21:55","date_gmt":"2020-11-04T13:21:55","guid":{"rendered":"http:\/\/vivaizanzi.it\/?post_type=product&#038;p=3276"},"modified":"2020-11-04T14:25:29","modified_gmt":"2020-11-04T13:25:29","slug":"tombul","status":"publish","type":"product","link":"https:\/\/vivaizanzi.it\/eng\/product\/tombul\/","title":{"rendered":"TOMBUL"},"content":{"rendered":"","protected":false},"excerpt":{"rendered":"<p><b>Origine: <\/b>Turchia<\/p>\n<p><strong>Albero:<\/strong> vigoria scarsa a portamento molto espanso<\/p>\n<p><strong>Frutto:<\/strong> seme piccolo (0,9 g), frutto sub-ovoidale, peso nocciola 1.8g, resa in sgusciato molto elevata (52.1%)<\/p>\n<p><strong>Produttivit\u00e0 e fruttificazione:<\/strong> produttivit\u00e0 elevata<\/p>\n<p><strong>Giudizio complessivo:<\/strong> \u00e8 la pi\u00f9 importante tra le tante cultivar di origine turca. Variet\u00e0 auto-incompatibile e gli impollinatori consigliati sono: Cosford, Tonda Gentile Romana e Palaz<\/p>\n<p>&nbsp;<\/p>\n<p>&nbsp;<\/p>","protected":false},"featured_media":3277,"template":"","meta":[],"class_list":["post-3276","product","type-product","status-publish","has-post-thumbnail","hentry","product_cat-nocciolo","blog_entry clearfix"],"_links":{"self":[{"href":"https:\/\/vivaizanzi.it\/eng\/wp-json\/wp\/v2\/product\/3276","targetHints":{"allow":["GET"]}}],"collection":[{"href":"https:\/\/vivaizanzi.it\/eng\/wp-json\/wp\/v2\/product"}],"about":[{"href":"https:\/\/vivaizanzi.it\/eng\/wp-json\/wp\/v2\/types\/product"}],"wp:featuredmedia":[{"embeddable":true,"href":"https:\/\/vivaizanzi.it\/eng\/wp-json\/wp\/v2\/media\/3277"}],"wp:attachment":[{"href":"https:\/\/vivaizanzi.it\/eng\/wp-json\/wp\/v2\/media?parent=3276"}],"curies":[{"name":"wp","href":"https:\/\/api.w.org\/{rel}","templated":true}]}}