{"id":3290,"date":"2020-11-05T15:49:41","date_gmt":"2020-11-05T14:49:41","guid":{"rendered":"http:\/\/vivaizanzi.it\/?post_type=product&#038;p=3290"},"modified":"2024-08-07T16:12:18","modified_gmt":"2024-08-07T14:12:18","slug":"lady-cot","status":"publish","type":"product","link":"https:\/\/vivaizanzi.it\/eng\/product\/lady-cot\/","title":{"rendered":"LADY COT"},"content":{"rendered":"","protected":false},"excerpt":{"rendered":"<p><strong>Origine:<\/strong>\u00a0\u00a0Francia.<\/p>\n<p><strong>Editore:<\/strong>\u00a0COT International (Francia).<\/p>\n<p><strong>Epoca di maturazione:<\/strong>\u00a0+14 Orange Rubis, 29\/6 in Emilia Romagna.<\/p>\n<p><strong>Albero: <\/strong>A portamento semi-eretto, di buona ramificazione, vigore elevato.<\/p>\n<p><strong>Frutto:<\/strong>\u00a0Il frutto \u00e8 d\u2019elevato calibro, forma ovale-arrotondata, colore di fondo arancio luminoso e sovraccolore rosso esteso sul 30-40% della superficie. La polpa \u00e8 di colore arancio chiaro, consistente, di buona conservazione, succosa, buona resistenza alle manipolazioni e buon sapore dolce.<\/p>\n<p><strong>Produttivit\u00e0:\u00a0<\/strong>Molto buona e costante. Non anticipare la raccolta. I frutti si mantengono molto bene sull\u2019albero.<\/p>\n<p><strong>Giudizio complessivo:<\/strong>\u00a0Cultivar a maturazione intermedia o medio-tardiva con pianta vigorosa, produttivit\u00e0 elevata e frutto di qualit\u00e0 eccellente .La polpa \u00e8 di colore arancio chiaro, consistente, di buona conservazione, succosa, buona resistenza alle manipolazioni e buon sapore dolce. Estremamente produttiva con tutti gli ambienti.<\/p>\n<p><a class=\"cld-m\" href=\"http:\/\/vivaizanzi.it\/wp-content\/uploads\/2024\/08\/Calendario-albicocche-sito-con-link.pdf\">Scarica il calendario di maturazione<\/a><\/p>","protected":false},"featured_media":3498,"template":"","meta":[],"class_list":["post-3290","product","type-product","status-publish","has-post-thumbnail","hentry","product_cat-albicocco","blog_entry clearfix"],"_links":{"self":[{"href":"https:\/\/vivaizanzi.it\/eng\/wp-json\/wp\/v2\/product\/3290","targetHints":{"allow":["GET"]}}],"collection":[{"href":"https:\/\/vivaizanzi.it\/eng\/wp-json\/wp\/v2\/product"}],"about":[{"href":"https:\/\/vivaizanzi.it\/eng\/wp-json\/wp\/v2\/types\/product"}],"wp:featuredmedia":[{"embeddable":true,"href":"https:\/\/vivaizanzi.it\/eng\/wp-json\/wp\/v2\/media\/3498"}],"wp:attachment":[{"href":"https:\/\/vivaizanzi.it\/eng\/wp-json\/wp\/v2\/media?parent=3290"}],"curies":[{"name":"wp","href":"https:\/\/api.w.org\/{rel}","templated":true}]}}