{"id":3385,"date":"2021-06-16T10:35:43","date_gmt":"2021-06-16T08:35:43","guid":{"rendered":"http:\/\/vivaizanzi.it\/?post_type=product&#038;p=3385"},"modified":"2024-08-02T16:21:43","modified_gmt":"2024-08-02T14:21:43","slug":"indipendence","status":"publish","type":"product","link":"https:\/\/vivaizanzi.it\/eng\/product\/indipendence\/","title":{"rendered":"INDIPENDENCE\u00ae"},"content":{"rendered":"","protected":false},"excerpt":{"rendered":"<p><strong>Epoca di maturazione:<\/strong> -25 Lauranne<sup>\u00ae<\/sup><\/p>\n<p><strong>Origine<\/strong>: Zaiger Genetics (USA)<\/p>\n<p><strong>Editore<\/strong>: IPS (Francia)<\/p>\n<p><strong>Albero:<\/strong> Compatto e semi-eretto.<\/p>\n<p><strong>Frutto<\/strong>: Grosso, allungato, di colore marrone chiaro con aroma dolce e profumato.<\/p>\n<p><strong>Giudizio complessivo:<\/strong> Variet\u00e0 a guscio tenero, autofertile, di elevata produttivit\u00e0 con la possibilit\u00e0 di raccolta in unico stacco.<\/p>\n<h4><\/h4>\n<p>&nbsp;<\/p>","protected":false},"featured_media":1013,"template":"","meta":[],"class_list":["post-3385","product","type-product","status-publish","has-post-thumbnail","hentry","product_cat-mandorlo","product_tag-non-hobbysti","blog_entry clearfix"],"_links":{"self":[{"href":"https:\/\/vivaizanzi.it\/eng\/wp-json\/wp\/v2\/product\/3385","targetHints":{"allow":["GET"]}}],"collection":[{"href":"https:\/\/vivaizanzi.it\/eng\/wp-json\/wp\/v2\/product"}],"about":[{"href":"https:\/\/vivaizanzi.it\/eng\/wp-json\/wp\/v2\/types\/product"}],"wp:featuredmedia":[{"embeddable":true,"href":"https:\/\/vivaizanzi.it\/eng\/wp-json\/wp\/v2\/media\/1013"}],"wp:attachment":[{"href":"https:\/\/vivaizanzi.it\/eng\/wp-json\/wp\/v2\/media?parent=3385"}],"curies":[{"name":"wp","href":"https:\/\/api.w.org\/{rel}","templated":true}]}}