{"id":3394,"date":"2021-06-16T10:54:50","date_gmt":"2021-06-16T08:54:50","guid":{"rendered":"http:\/\/vivaizanzi.it\/?post_type=product&#038;p=3394"},"modified":"2025-07-17T10:51:18","modified_gmt":"2025-07-17T08:51:18","slug":"ariel-cov","status":"publish","type":"product","link":"https:\/\/vivaizanzi.it\/eng\/product\/ariel-cov\/","title":{"rendered":"ARIEL\u00ae* cov"},"content":{"rendered":"","protected":false},"excerpt":{"rendered":"<p><strong>Origine<\/strong>:\u00a0Progetto MASPES (Italia).<\/p>\n<p><strong>Epoca di maturazione<\/strong>: -3 Orange Rubis, 12\/6 in Emilia Romagna.<\/p>\n<p><strong>Albero<\/strong>:\u00a0Autofertile, fioritura medio-tardiva abbondante, vigore medio-elevato, portamento regolare-assurgente.<\/p>\n<p><strong>Frutto<\/strong>:\u00a0Pezzatura elevata e forma oblunga, la buccia \u00e8 di colore giallo-aranciato con sovraccolore rosso sul 30% della superficie. Il nocciolo \u00e8 spicco. La maturazione \u00e8 uniforme e non soggetta a disfacimento interno, di ottimo sapore, aromatico, con buccia a media acidit\u00e0.<\/p>\n<p><strong>Giudizio complessivo:\u00a0<\/strong>variet\u00e0 interessante per l\u2019epoca di maturazione e le caratteristiche organolettiche del frutto (aroma e sapore). Elevata la pezzatura e la tenuta in pianta. Pianta di precoce messa a frutto. Si giova impollinazione incrociata con variet\u00e0 Orange Rubis + Farbaly. Presenta fattori genetici di resistenza a PPV.<\/p>\n<p><a class=\"cld-m\" href=\"http:\/\/vivaizanzi.it\/wp-content\/uploads\/2024\/08\/Calendario-albicocche-sito-con-link.pdf\">Scarica il calendario di maturazione<\/a><\/p>","protected":false},"featured_media":3441,"template":"","meta":[],"class_list":["post-3394","product","type-product","status-publish","has-post-thumbnail","hentry","product_cat-albicocco","product_tag-varieta-albicocco","blog_entry clearfix"],"_links":{"self":[{"href":"https:\/\/vivaizanzi.it\/eng\/wp-json\/wp\/v2\/product\/3394","targetHints":{"allow":["GET"]}}],"collection":[{"href":"https:\/\/vivaizanzi.it\/eng\/wp-json\/wp\/v2\/product"}],"about":[{"href":"https:\/\/vivaizanzi.it\/eng\/wp-json\/wp\/v2\/types\/product"}],"wp:featuredmedia":[{"embeddable":true,"href":"https:\/\/vivaizanzi.it\/eng\/wp-json\/wp\/v2\/media\/3441"}],"wp:attachment":[{"href":"https:\/\/vivaizanzi.it\/eng\/wp-json\/wp\/v2\/media?parent=3394"}],"curies":[{"name":"wp","href":"https:\/\/api.w.org\/{rel}","templated":true}]}}