{"id":3486,"date":"2024-07-20T18:25:07","date_gmt":"2024-07-20T16:25:07","guid":{"rendered":"http:\/\/vivaizanzi.it\/?post_type=product&#038;p=3486"},"modified":"2024-08-07T16:01:06","modified_gmt":"2024-08-07T14:01:06","slug":"fartoli","status":"publish","type":"product","link":"https:\/\/vivaizanzi.it\/eng\/product\/fartoli\/","title":{"rendered":"FARTOLI"},"content":{"rendered":"","protected":false},"excerpt":{"rendered":"<p><strong>Origine:<\/strong>\u00a0Marie-France BOIS, Francia.<\/p>\n<p><strong>Editore:<\/strong>\u00a0IPS, Francia.<\/p>\n<p><strong>Epoca di maturazione:<\/strong>\u00a0+45 Orange Rubis.<\/p>\n<p><strong>Albero:<\/strong>\u00a0Vigoria medio-elevata, portamento semi-espanso.<\/p>\n<p><strong>Frutto:<\/strong>\u00a0Di buona pezzatura, forma ovale e colorazione aranciata con rosso sul 30% della superficie; buona consistenza della polpa, sapore buono ed aromatico.<\/p>\n<p><strong>Produttivita\u0300:<\/strong>\u00a0Autocompatibile, fruttifica su dardi e rami misti.<\/p>\n<p><strong>Giudizio d\u2019insieme:<\/strong>\u00a0Variet\u00e0 a precoce messa a frutto, con elevato potenziale produttivo; la qualit\u00e0 dei frutti \u00e8 elevata per gusto e presentazione.<\/p>\n<p><a class=\"cld-m\" href=\"http:\/\/vivaizanzi.it\/wp-content\/uploads\/2024\/08\/Calendario-albicocche-sito-con-link.pdf\">Scarica il calendario di maturazione<\/a><\/p>","protected":false},"featured_media":3487,"template":"","meta":[],"class_list":["post-3486","product","type-product","status-publish","has-post-thumbnail","hentry","product_cat-albicocco","product_tag-varieta-albicocco","blog_entry clearfix"],"_links":{"self":[{"href":"https:\/\/vivaizanzi.it\/eng\/wp-json\/wp\/v2\/product\/3486","targetHints":{"allow":["GET"]}}],"collection":[{"href":"https:\/\/vivaizanzi.it\/eng\/wp-json\/wp\/v2\/product"}],"about":[{"href":"https:\/\/vivaizanzi.it\/eng\/wp-json\/wp\/v2\/types\/product"}],"wp:featuredmedia":[{"embeddable":true,"href":"https:\/\/vivaizanzi.it\/eng\/wp-json\/wp\/v2\/media\/3487"}],"wp:attachment":[{"href":"https:\/\/vivaizanzi.it\/eng\/wp-json\/wp\/v2\/media?parent=3486"}],"curies":[{"name":"wp","href":"https:\/\/api.w.org\/{rel}","templated":true}]}}