{"id":3501,"date":"2024-07-20T18:33:36","date_gmt":"2024-07-20T16:33:36","guid":{"rendered":"http:\/\/vivaizanzi.it\/?post_type=product&#038;p=3501"},"modified":"2024-08-07T15:58:26","modified_gmt":"2024-08-07T13:58:26","slug":"leda","status":"publish","type":"product","link":"https:\/\/vivaizanzi.it\/eng\/product\/leda\/","title":{"rendered":"LEDA"},"content":{"rendered":"","protected":false},"excerpt":{"rendered":"<p><strong>Origine:<\/strong> nel 2006 dall\u2019incrocio di \u2018Kioto\u2019 x \u2018Orangered\u2019 da Daniele Bassi, Universit\u00e0 degli Studi di Milano e Stefano Foschi (Ri.Nova, Cesena, FC) e selezionata presso l\u2019Azienda sperimentale \u2018Astra-Innovazione e Sviluppo\u2019 (Faenza, RA) come BO 06625023.<br \/>\n<strong>Epoca di maturazione:<\/strong> +8 Orange Rubis, 23\/06.<br \/>\n<strong>Albero :<\/strong> Presenta una fioritura tardiva e abbondante, i fiori sono autocompatibili. Il vigore \u00e8 medio-elevato ed il portamento \u00e8 standard-espanso, con la produzione, elevata e costante, distribuita prevalentemente su dardi, rami misti e anticipati.<br \/>\nL\u2019entrata in produzione \u00e8 precoce e la maturazione in Romagna \u00e8 contemporanea a \u2018Kioto\u2019.<br \/>\n<strong>Frutto :<\/strong> E\u2019 di pezzatura elevata e forma rotondo-oblunga, leggermente asimmetrica, con apice e sutura leggermente incavati; la buccia \u00e8 di colore giallo-aranciato con sovraccolore rosso sul 30% della superficie. Il nocciolo \u00e8 spicco. La maturazione \u00e8 uniforme e non soggetta a disfacimento interno, di buon sapore dolce, con buccia a bassa acidit\u00e0. La tenuta in pianta \u00e8 elevata.<br \/>\n<strong>Giudizio complessivo:<\/strong> Variet\u00e0 autofertile e resistente a PPV, interessante per l\u2019epoca di maturazione media, si propone in sostituzione di Kioto*, rispetto alla quale \u00e8 migliorativa per la qualit\u00e0 dei frutti, mantenendo un\u2019estetica degli stessi molto accattivante (blush molto evidente). La produzione \u00e8 elevata e costante, con pianta di facile gestione, a precoce messa a frutto e adattabilit\u00e0 a diverse condizioni pedoclimatiche vocate per l\u2019albicocco (pianura e collina).<br \/>\n<a class=\"cld-m\" href=\"http:\/\/vivaizanzi.it\/wp-content\/uploads\/2024\/08\/Calendario-albicocche-sito-con-link.pdf\">Scarica il calendario di maturazione<\/a><\/p>","protected":false},"featured_media":3502,"template":"","meta":[],"class_list":["post-3501","product","type-product","status-publish","has-post-thumbnail","hentry","product_cat-albicocco","blog_entry clearfix"],"_links":{"self":[{"href":"https:\/\/vivaizanzi.it\/eng\/wp-json\/wp\/v2\/product\/3501","targetHints":{"allow":["GET"]}}],"collection":[{"href":"https:\/\/vivaizanzi.it\/eng\/wp-json\/wp\/v2\/product"}],"about":[{"href":"https:\/\/vivaizanzi.it\/eng\/wp-json\/wp\/v2\/types\/product"}],"wp:featuredmedia":[{"embeddable":true,"href":"https:\/\/vivaizanzi.it\/eng\/wp-json\/wp\/v2\/media\/3502"}],"wp:attachment":[{"href":"https:\/\/vivaizanzi.it\/eng\/wp-json\/wp\/v2\/media?parent=3501"}],"curies":[{"name":"wp","href":"https:\/\/api.w.org\/{rel}","templated":true}]}}