{"id":3991,"date":"2025-09-22T16:05:10","date_gmt":"2025-09-22T14:05:10","guid":{"rendered":"https:\/\/vivaizanzi.it\/?post_type=product&#038;p=3991"},"modified":"2025-09-22T16:05:50","modified_gmt":"2025-09-22T14:05:50","slug":"dulcebo-052","status":"publish","type":"product","link":"https:\/\/vivaizanzi.it\/eng\/product\/dulcebo-052\/","title":{"rendered":"DULCEBO 052"},"content":{"rendered":"","protected":false},"excerpt":{"rendered":"<p><strong>Epoca di maturazione<\/strong>: +20 Redhaven<\/p>\n<p><strong>Origine:<\/strong> pesca a polpa gialla ottenuta nel 2009 e selezionata come \u201cBO 09032052\u201d nei campi gestiti da ASTRA Innovazione e Sviluppo (Tebano di Faenza, RA).<\/p>\n<p><strong>Costitutori<\/strong>: Prof. Daniele Bassi &#8211; Universit\u00e0 degli Studi di Milano e Dr. Stefano Foschi &#8211; RI.NOVA Soc. Coop.<\/p>\n<p><strong>ALBERO <\/strong>(habitus e produttivit\u00e0):<\/p>\n<ul>\n<li><strong>portamento<\/strong>: standard;<\/li>\n<li><strong>vigoria<\/strong>: medio-elevata;<\/li>\n<li><strong>entrata in produzione: <\/strong>precoce;<\/li>\n<li><strong>epoca di fioritura<\/strong>: medio precoce;<\/li>\n<li><strong>entit\u00e0 di fioritura<\/strong>: elevata;<\/li>\n<li><strong>produttivit\u00e0<\/strong>: elevata e costante.<\/li>\n<\/ul>\n<p><strong>FOGLIE<\/strong>:<\/p>\n<ul>\n<li><strong>glandole<\/strong>:<\/li>\n<\/ul>\n<p><strong>FIORE<\/strong>: rosaceo.<\/p>\n<p><strong>FRUTTO:<\/strong> di pezzatura molto grossa, calibro AAA dominante, a forma rotonda regolare; epidermide di colore giallo rivestita per il 50% di sovracolore rosso brillante; la polpa \u00e8 di tipo \u201c<em>slow softening<\/em>\u201d, a maturazione molto rallentata che ne permette una ottimale gestione in epoca di raccolta; il sapore \u00e8 dolce, a bassa acidit\u00e0. Praticamente assente lo scatolato. Il nocciolo \u00e8 spicco, di medie dimensioni.<\/p>\n<p><strong>\u00a0<\/strong><br \/>\n<strong>Giudizio d\u2019insieme<\/strong>: Pesca gialla che matura in epoca media, molto rustica e produttiva, non sensibile a monilia (testata in campo con inoculo artificiale). La pezzatura \u00e8 decisamente elevata (AAA dominante), con tipico aspetto bicolore e forma rotonda molto regolare. Il sapore \u00e8 dolce, con bassa acidit\u00e0, e la polpa spicca. La polpa, di tipologia \u201c<em>slow softening<\/em>\u201d, presenta elevata consistenza, con il vantaggio di gestire l\u2019epoca di raccolta in un minor numero di passaggi. Pianta di facile gestione, che si adatta bene a tutte le tipologie di allevamento (in volume e in parete) e alle diverse densit\u00e0 di impianto. Si consiglia un passaggio di potatura verde per migliorare il sovracolore dei frutti.<\/p>","protected":false},"featured_media":3992,"template":"","meta":[],"class_list":["post-3991","product","type-product","status-publish","has-post-thumbnail","hentry","product_cat-pesche-gialle","product_cat-pesco","blog_entry clearfix"],"_links":{"self":[{"href":"https:\/\/vivaizanzi.it\/eng\/wp-json\/wp\/v2\/product\/3991","targetHints":{"allow":["GET"]}}],"collection":[{"href":"https:\/\/vivaizanzi.it\/eng\/wp-json\/wp\/v2\/product"}],"about":[{"href":"https:\/\/vivaizanzi.it\/eng\/wp-json\/wp\/v2\/types\/product"}],"wp:featuredmedia":[{"embeddable":true,"href":"https:\/\/vivaizanzi.it\/eng\/wp-json\/wp\/v2\/media\/3992"}],"wp:attachment":[{"href":"https:\/\/vivaizanzi.it\/eng\/wp-json\/wp\/v2\/media?parent=3991"}],"curies":[{"name":"wp","href":"https:\/\/api.w.org\/{rel}","templated":true}]}}