{"id":3993,"date":"2025-09-22T16:06:00","date_gmt":"2025-09-22T14:06:00","guid":{"rendered":"https:\/\/vivaizanzi.it\/?post_type=product&#038;p=3993"},"modified":"2025-09-22T16:07:08","modified_gmt":"2025-09-22T14:07:08","slug":"dulcebo-063","status":"publish","type":"product","link":"https:\/\/vivaizanzi.it\/eng\/product\/dulcebo-063\/","title":{"rendered":"DULCEBO 063"},"content":{"rendered":"","protected":false},"excerpt":{"rendered":"<p><strong>Epoca di maturazione<\/strong>: +30 Redhaven<br \/>\n<strong>Origine:<\/strong> pesca a polpa gialla ottenuta nel 2007 e selezionata come \u201cBO 07047063\u201d nei campi gestiti da ASTRA Innovazione e Sviluppo (Tebano di Faenza, RA).<\/p>\n<p><strong>Costitutori<\/strong>: Prof. Daniele Bassi &#8211; Universit\u00e0 degli Studi di Milano e Dr. Stefano Foschi &#8211; RI.NOVA Soc. Coop.<br \/>\n<strong>ALBERO <\/strong>(habitus e produttivit\u00e0):<\/p>\n<ul>\n<li>portamento: standard;<\/li>\n<li>vigoria: medio-elevata;<\/li>\n<li>entrata in produzione: precoce;<\/li>\n<li>epoca di fioritura: medio precoce;<\/li>\n<li>entit\u00e0 di fioritura: elevata;<\/li>\n<li>produttivit\u00e0: elevata e costante.<\/li>\n<\/ul>\n<p><strong>FOGLIE<\/strong>:<\/p>\n<ul>\n<li>glandole: reniformi.<\/li>\n<\/ul>\n<p><strong>FIORE<\/strong>: rosaceo.<\/p>\n<p><strong>FRUTTO<\/strong>: di pezzatura grossa, calibro AA dominante, a forma rotonda regolare; epidermide di colore giallo rivestita per il 50% di sovracolore rosso brillante; la polpa \u00e8 di tipo \u201c<em>slow softening<\/em>\u201d, a maturazione molto rallentata che ne permette una ottimale gestione in epoca di raccolta; il sapore \u00e8 dolce, a bassa acidit\u00e0. Praticamente assente lo scatolato. Il nocciolo \u00e8 spicco, di medie dimensioni.<\/p>\n<p><strong>Giudizio d\u2019insieme: <\/strong>Pesca gialla che matura in epoca media, rustica e produttiva, non sensibile a monilia (testata in campo con inoculo artificiale). La pezzatura \u00e8 elevata (AA dominante) e la forma rotonda molto regolare. La sovracolorazione rossa \u00e8 molto estesa. Il sapore \u00e8 dolce, con bassa acidit\u00e0, e la polpa spicca, con nocciolo piccolo. L\u2019elevata tenuta alla maturazione permette di gestire l\u2019epoca di raccolta in un minor numero di passaggi. Pianta di facile gestione, che si adatta bene a tutte le tipologie di allevamento (in volume e in parete) e alle diverse densit\u00e0 di impianto.<\/p>","protected":false},"featured_media":3995,"template":"","meta":[],"class_list":["post-3993","product","type-product","status-publish","has-post-thumbnail","hentry","product_cat-pesche-gialle","product_cat-pesco","blog_entry clearfix"],"_links":{"self":[{"href":"https:\/\/vivaizanzi.it\/eng\/wp-json\/wp\/v2\/product\/3993","targetHints":{"allow":["GET"]}}],"collection":[{"href":"https:\/\/vivaizanzi.it\/eng\/wp-json\/wp\/v2\/product"}],"about":[{"href":"https:\/\/vivaizanzi.it\/eng\/wp-json\/wp\/v2\/types\/product"}],"wp:featuredmedia":[{"embeddable":true,"href":"https:\/\/vivaizanzi.it\/eng\/wp-json\/wp\/v2\/media\/3995"}],"wp:attachment":[{"href":"https:\/\/vivaizanzi.it\/eng\/wp-json\/wp\/v2\/media?parent=3993"}],"curies":[{"name":"wp","href":"https:\/\/api.w.org\/{rel}","templated":true}]}}