{"id":4033,"date":"2025-09-22T17:43:41","date_gmt":"2025-09-22T15:43:41","guid":{"rendered":"https:\/\/vivaizanzi.it\/?post_type=product&#038;p=4033"},"modified":"2025-09-22T17:44:45","modified_gmt":"2025-09-22T15:44:45","slug":"dulcebo-070","status":"publish","type":"product","link":"https:\/\/vivaizanzi.it\/eng\/product\/dulcebo-070\/","title":{"rendered":"DULCEBO 070"},"content":{"rendered":"","protected":false},"excerpt":{"rendered":"<p><strong>Epoca di inizio maturazione<\/strong>: +20 Big Top\u00ae Zaitabo*.<\/p>\n<p><strong>Origine<\/strong><strong>:<\/strong> pesca a polpa bianca ottenuta nel 2007 dall\u2019incrocio \u201cSweet Fire * Garcica\u201d e selezionata come \u201cBO 07047070\u201d nei campi gestiti da ASTRA Innovazione e Sviluppo (Tebano di Faenza, RA).<\/p>\n<p><strong>Costitutori<\/strong>: Prof. Daniele Bassi &#8211; Universit\u00e0 degli Studi di Milano. Dr. Stefano Foschi &#8211; RI.NOVA Soc. Coop.<\/p>\n<h1><strong>ALBERO (habitus e produttivit\u00e0):<\/strong><\/h1>\n<ul>\n<li><strong>portamento<\/strong>: standard;<\/li>\n<li><strong>vigoria<\/strong>: medio-elevata;<\/li>\n<li><strong>entrata in produzione: <\/strong>precoce;<\/li>\n<\/ul>\n<h1>\u00d8\u00a0 Epoca di fioritura: media<\/h1>\n<ul>\n<li><strong>entit\u00e0 di fioritura<\/strong>: elevata;<\/li>\n<li><strong>produttivit\u00e0<\/strong>: elevata e costante.<\/li>\n<\/ul>\n<h1><strong>\u00a0<\/strong><\/h1>\n<h1>Foglie:glandole: reniformi.<\/h1>\n<p><strong>\u00a0<\/strong><\/p>\n<p><strong>FRUTTO:<\/strong> di pezzatura grossa, calibro AA dominante, a forma rotonda regolare; epidermide di colore bianco rivestita per il 70\/80% di sovracolore rosso brillante; la polpa \u00e8 di tipo \u201c<em>slow softening<\/em>\u201d, a maturazione molto rallentata che ne permette una ottimale gestione in epoca di raccolta; il sapore \u00e8 dolce, a bassa acidit\u00e0. Praticamente assente lo scatolato. Il nocciolo \u00e8 spicco, di piccole dimensioni.<\/p>\n<p><strong>GIUDIZIO COMPLESSIVO:<\/strong><\/p>\n<p>Pesca bianca che matura in epoca media, fine luglio in Emilia-Romagna, molto rustica e produttiva, poco sensibile a monilia sui frutti (testata in campo con inoculo artificiale). La pezzatura \u00e8 elevata (AA dominante), con sovracolore esteso, e la forma rotonda molto regolare. Il sapore \u00e8 dolce, con bassa acidit\u00e0, e la polpa spicca. Pianta di facile gestione, che si adatta bene a tutte le tipologie di allevamento (in volume e in parete) e alle diverse densit\u00e0 di impianto.<\/p>","protected":false},"featured_media":4035,"template":"","meta":[],"class_list":["post-4033","product","type-product","status-publish","has-post-thumbnail","hentry","product_cat-pesche-bianche","product_cat-pesco","blog_entry clearfix"],"_links":{"self":[{"href":"https:\/\/vivaizanzi.it\/eng\/wp-json\/wp\/v2\/product\/4033","targetHints":{"allow":["GET"]}}],"collection":[{"href":"https:\/\/vivaizanzi.it\/eng\/wp-json\/wp\/v2\/product"}],"about":[{"href":"https:\/\/vivaizanzi.it\/eng\/wp-json\/wp\/v2\/types\/product"}],"wp:featuredmedia":[{"embeddable":true,"href":"https:\/\/vivaizanzi.it\/eng\/wp-json\/wp\/v2\/media\/4035"}],"wp:attachment":[{"href":"https:\/\/vivaizanzi.it\/eng\/wp-json\/wp\/v2\/media?parent=4033"}],"curies":[{"name":"wp","href":"https:\/\/api.w.org\/{rel}","templated":true}]}}