{"id":4094,"date":"2025-09-23T12:13:29","date_gmt":"2025-09-23T10:13:29","guid":{"rendered":"https:\/\/vivaizanzi.it\/?post_type=product&#038;p=4094"},"modified":"2025-09-23T12:33:39","modified_gmt":"2025-09-23T10:33:39","slug":"nesta-032","status":"publish","type":"product","link":"https:\/\/vivaizanzi.it\/eng\/product\/nesta-032\/","title":{"rendered":"NESTA 032"},"content":{"rendered":"","protected":false},"excerpt":{"rendered":"<p><strong>Costitutore:<\/strong>\u00a0Daniele Bassi (UNIMI), Stefano Foschi (Rinova Cesena)<\/p>\n<p><strong>Epoca di maturazione:\u00a0<\/strong>-7 Big Top<\/p>\n<p><strong>Albero:<\/strong>\u00a0standard assurgente, vigoria media, entrata in produzione precoce<\/p>\n<p><strong>Fioritura<\/strong>: epoca di fioritura media, produttivit\u00e0 elevata e costante. Fiore rosaceo.<\/p>\n<p><strong>Frutto:<\/strong> pezzatura molto grossa, calibro AA+, a forma rotonda-oblunga regolare; epidermide di colore giallo rivestita per il 90% di sovraccolore rosso brillante; la polpa \u00e8 di tipo \u201cslow softening\u201d, cio\u00e8 a maturazione molto rallentata che ne permette una ottimale gestione in epoca di raccolta; il sapore \u00e8 molto dolce, a bassa acidit\u00e0. Poco sensibile a scatolato. Il nocciolo \u00e8 aderente, di medie dimensioni.<\/p>","protected":false},"featured_media":4095,"template":"","meta":[],"class_list":["post-4094","product","type-product","status-publish","has-post-thumbnail","hentry","product_cat-nettarine-gialle","product_cat-pesco","blog_entry clearfix"],"_links":{"self":[{"href":"https:\/\/vivaizanzi.it\/eng\/wp-json\/wp\/v2\/product\/4094","targetHints":{"allow":["GET"]}}],"collection":[{"href":"https:\/\/vivaizanzi.it\/eng\/wp-json\/wp\/v2\/product"}],"about":[{"href":"https:\/\/vivaizanzi.it\/eng\/wp-json\/wp\/v2\/types\/product"}],"wp:featuredmedia":[{"embeddable":true,"href":"https:\/\/vivaizanzi.it\/eng\/wp-json\/wp\/v2\/media\/4095"}],"wp:attachment":[{"href":"https:\/\/vivaizanzi.it\/eng\/wp-json\/wp\/v2\/media?parent=4094"}],"curies":[{"name":"wp","href":"https:\/\/api.w.org\/{rel}","templated":true}]}}