{"id":4149,"date":"2025-09-23T13:36:47","date_gmt":"2025-09-23T11:36:47","guid":{"rendered":"https:\/\/vivaizanzi.it\/?post_type=product&#038;p=4149"},"modified":"2025-09-23T13:37:47","modified_gmt":"2025-09-23T11:37:47","slug":"boa-39-bo-06013039","status":"publish","type":"product","link":"https:\/\/vivaizanzi.it\/eng\/product\/boa-39-bo-06013039\/","title":{"rendered":"BOA 39* (BO 06013039)"},"content":{"rendered":"","protected":false},"excerpt":{"rendered":"<p><strong>Costitutore<\/strong>: Daniele Bassi UNIMI, Stefano Foschi Rinova di Cesena<\/p>\n<p><strong>Epoca di maturazione<\/strong>: \u00a0: +10 Big Top<\/p>\n<p><strong>Albero<\/strong> : Portamento standard-assurgente, vigoria medio-elevata, entrata in produzione precoce.<\/p>\n<p><strong>Epoca di fioritura<\/strong>: Media, entit\u00e0 elevata, produttivit\u00e0 elevata e costante.<\/p>\n<p><strong>Frutto: <\/strong>Nettarina a polpa gialla, pezzatura grossa, con peso superiore ai 150-180 grammi, a forma piatta, rotonda regolare; epidermide di colore giallo rivestita per il 70-80% di sovraccolore rosso brillante; la polpa \u00e8 di tipo \u201cslow softening\u201d, cio\u00e8 a maturazione molto rallentata che ne permette una ottimale gestione in epoca di raccolta; il sapore \u00e8 dolce, a bassa acidit\u00e0. Poco sensibile alla monilia. Il nocciolo \u00e8 aderente, di medie dimensioni.<\/p>\n<p><strong>Giudizio complessivo:<\/strong><\/p>\n<p>Molto interessante in epoca media, met\u00e0 fine luglio in Emilia-Romagna, 17-18\u00b0 Brix, bassa acidit\u00e0 molto attraente, facile da gestire. Si adatta bene a tutte le tipologie di allevamento (in volume e in parete) e alle diverse densit\u00e0 di impianto.<\/p>","protected":false},"featured_media":4150,"template":"","meta":[],"class_list":["post-4149","product","type-product","status-publish","has-post-thumbnail","hentry","product_cat-platicarpe-nettarine","product_cat-pesco","blog_entry clearfix"],"_links":{"self":[{"href":"https:\/\/vivaizanzi.it\/eng\/wp-json\/wp\/v2\/product\/4149","targetHints":{"allow":["GET"]}}],"collection":[{"href":"https:\/\/vivaizanzi.it\/eng\/wp-json\/wp\/v2\/product"}],"about":[{"href":"https:\/\/vivaizanzi.it\/eng\/wp-json\/wp\/v2\/types\/product"}],"wp:featuredmedia":[{"embeddable":true,"href":"https:\/\/vivaizanzi.it\/eng\/wp-json\/wp\/v2\/media\/4150"}],"wp:attachment":[{"href":"https:\/\/vivaizanzi.it\/eng\/wp-json\/wp\/v2\/media?parent=4149"}],"curies":[{"name":"wp","href":"https:\/\/api.w.org\/{rel}","templated":true}]}}