{"id":4181,"date":"2025-09-23T14:08:16","date_gmt":"2025-09-23T12:08:16","guid":{"rendered":"https:\/\/vivaizanzi.it\/?post_type=product&#038;p=4181"},"modified":"2025-09-23T14:09:03","modified_gmt":"2025-09-23T12:09:03","slug":"platibelle","status":"publish","type":"product","link":"https:\/\/vivaizanzi.it\/eng\/product\/platibelle\/","title":{"rendered":"PLATIBELLE"},"content":{"rendered":"","protected":false},"excerpt":{"rendered":"<p><strong>Epoca di maturazione<\/strong>: +3 Redhaven<br \/>\n<strong>Origine:\u00a0<\/strong>CEP Innovation, Francia<br \/>\n<strong>Editore<\/strong>: CEP Innovation, Francia<br \/>\n<strong>Albero<\/strong>: vigoria elevata, portamento standard.<br \/>\n<strong>Frutto<\/strong>: forma rotonda simmetrica, colore di fondo bianco con sovracolore rosso brillante sul 90% della superficie; sapore subacido-dolce molto buono, polpa bianca fondente, a tessitura molto fine; pezzatura A-AA (peso medio 170 grammi).<br \/>\n<strong>Produttivit\u00e0:<\/strong>\u00a0elevata e costante.<br \/>\n<strong>Giudizio d\u2019insieme<\/strong>: variet\u00e0 a produzione elevata e costante, con frutti di elevata pezzatura e buon sapore, dolce, con acidit\u00e0 molto bassa e aroma pronunciato; non fessura al peduncolo e alla cavit\u00e0 calicina. In campo mostra bassa suscettibilit\u00e0 ai marciumi da monilia.<\/p>","protected":false},"featured_media":4182,"template":"","meta":[],"class_list":["post-4181","product","type-product","status-publish","has-post-thumbnail","hentry","product_cat-platicarpe-pesche","product_cat-pesco","blog_entry clearfix"],"_links":{"self":[{"href":"https:\/\/vivaizanzi.it\/eng\/wp-json\/wp\/v2\/product\/4181","targetHints":{"allow":["GET"]}}],"collection":[{"href":"https:\/\/vivaizanzi.it\/eng\/wp-json\/wp\/v2\/product"}],"about":[{"href":"https:\/\/vivaizanzi.it\/eng\/wp-json\/wp\/v2\/types\/product"}],"wp:featuredmedia":[{"embeddable":true,"href":"https:\/\/vivaizanzi.it\/eng\/wp-json\/wp\/v2\/media\/4182"}],"wp:attachment":[{"href":"https:\/\/vivaizanzi.it\/eng\/wp-json\/wp\/v2\/media?parent=4181"}],"curies":[{"name":"wp","href":"https:\/\/api.w.org\/{rel}","templated":true}]}}